{"id":275,"date":"2024-07-12T10:29:03","date_gmt":"2024-07-12T08:29:03","guid":{"rendered":"https:\/\/biblioteka.bojszowy.pl\/?page_id=275"},"modified":"2024-08-05T09:08:46","modified_gmt":"2024-08-05T07:08:46","slug":"rodo","status":"publish","type":"page","link":"https:\/\/biblioteka.bojszowy.pl\/home\/rodo\/","title":{"rendered":"Rodo"},"content":{"rendered":"\n<h3 class=\"wp-block-heading\">KLAUZULA INFORMACYJNA<\/h3>\n\n\n\n<p><strong>Gminna Biblioteka Publiczna w Bojszowach, ul. Go\u015bcinna 6, 43-220 Bojszowy<\/strong>, jako administrator danych osobowych, informuje Pana\/Pani\u0105, \u017ce:<\/p>\n\n\n\n<ol class=\"wp-block-list\">\n<li>Administratorem danych osobowych jest Gminna Biblioteka Publiczna<br>w Bojszowach, z siedzib\u0105 przy ul. Go\u015bcinnej 6, 43-220 Bojszowy (tel. 32\/218 91 07,<br>e-mail:\u00a0<a href=\"mailto:kontakt@biblioteka.zdi24.pl\">kontakt@biblioteka.zdi24.pl<\/a>), zwan\u0105 dalej Administratorem.<\/li>\n\n\n\n<li>Dane kontaktowe do Inspektora Ochrony Danych: Grzegorz Skipio\u0142 tel. 32\/218 91 07,<br>e-mail:\u00a0<a href=\"mailto:iod@biblioteka.zdi24.pl\">iod@biblioteka.zdi24.pl<\/a><\/li>\n<\/ol>\n\n\n\n<p>Pana\/Pani dane osobowe s\u0105 przetwarzane w celach zwi\u0105zanych z realizacj\u0105 umowy, kt\u00f3r\u0105 Pan\/Pani podpisa\u0142(a),<\/p>\n\n\n\n<ul class=\"wp-block-list\">\n<li>podanie danych jest dobrowolne ale niezb\u0119dne w celu z\u0142o\u017cenia zam\u00f3wienia oraz realizacji um\u00f3w,<\/li>\n\n\n\n<li>podane dane b\u0119d\u0105 przetwarzane na podstawie art. 6 ust. 1 pkt a), b) oraz c) oraz zgodnie z tre\u015bci\u0105 og\u00f3lnego rozporz\u0105dzenia o ochronie danych osobowych z dnia 26 kwietnia 2016 r.,<\/li>\n\n\n\n<li>posiada Pan\/Pani prawo dost\u0119pu do tre\u015bci swoich danych, prawo do ich sprostowania, usuni\u0119cia, ograniczenia przetwarzania, prawo do przenoszenia danych,<\/li>\n\n\n\n<li>dane osobowe b\u0119d\u0105 przechowywane do czasu zako\u0144czenia realizacji umowy, i przedawnienia roszcze\u0144 z niej wynikaj\u0105cych oraz do czasu wype\u0142nienia obowi\u0105zk\u00f3w wynikaj\u0105cych z przepis\u00f3w prawa,<\/li>\n\n\n\n<li>ma Pan\/Pani prawo wniesienia skargi do organu nadzorczego gdy uzna Pan\/Pani, \u017ce przetwarzanie danych osobowych Pana\/Pani dotycz\u0105cych, narusza przepisy og\u00f3lnego rozporz\u0105dzenia o ochronie danych osobowych,<\/li>\n\n\n\n<li>Pana\/Pani dane mog\u0105 zosta\u0107 przekazane naszym przedstawicielom handlowym, podmiotom, kt\u00f3re zapewniaj\u0105 wsparcie oraz dzia\u0142anie naszych narz\u0119dzi i system\u00f3w teleinformatycznych, realizuj\u0105 zapisy um\u00f3w oraz zapewniaj\u0105 bie\u017c\u0105c\u0105 obs\u0142ug\u0119 prawn\u0105 oraz firmie odpowiedzialnej za niszczenie dokumentacji,<\/li>\n\n\n\n<li>mo\u017ce Pan\/Pani skontaktowa\u0107 si\u0119 z Gminn\u0105 Bibliotek\u0105 Publiczn\u0105 w Bojszowach, w sprawie ochrony danych pod adresem: kontakt@biblioteka.zdi24.pl<\/li>\n<\/ul>\n","protected":false},"excerpt":{"rendered":"<p>KLAUZULA INFORMACYJNA Gminna Biblioteka Publiczna w Bojszowach, ul. Go\u015bcinna 6, 43-220 Bojszowy, jako administrator danych osobowych, informuje Pana\/Pani\u0105, \u017ce: Pana\/Pani dane osobowe s\u0105 przetwarzane w celach zwi\u0105zanych z realizacj\u0105 umowy, kt\u00f3r\u0105 Pan\/Pani podpisa\u0142(a),<\/p>\n","protected":false},"author":1,"featured_media":0,"parent":0,"menu_order":0,"comment_status":"closed","ping_status":"closed","template":"","meta":{"_monsterinsights_skip_tracking":false,"_monsterinsights_sitenote_active":false,"_monsterinsights_sitenote_note":"","_monsterinsights_sitenote_category":0,"footnotes":""},"class_list":["post-275","page","type-page","status-publish","hentry"],"_links":{"self":[{"href":"https:\/\/biblioteka.bojszowy.pl\/home\/wp-json\/wp\/v2\/pages\/275","targetHints":{"allow":["GET"]}}],"collection":[{"href":"https:\/\/biblioteka.bojszowy.pl\/home\/wp-json\/wp\/v2\/pages"}],"about":[{"href":"https:\/\/biblioteka.bojszowy.pl\/home\/wp-json\/wp\/v2\/types\/page"}],"author":[{"embeddable":true,"href":"https:\/\/biblioteka.bojszowy.pl\/home\/wp-json\/wp\/v2\/users\/1"}],"replies":[{"embeddable":true,"href":"https:\/\/biblioteka.bojszowy.pl\/home\/wp-json\/wp\/v2\/comments?post=275"}],"version-history":[{"count":2,"href":"https:\/\/biblioteka.bojszowy.pl\/home\/wp-json\/wp\/v2\/pages\/275\/revisions"}],"predecessor-version":[{"id":37571,"href":"https:\/\/biblioteka.bojszowy.pl\/home\/wp-json\/wp\/v2\/pages\/275\/revisions\/37571"}],"wp:attachment":[{"href":"https:\/\/biblioteka.bojszowy.pl\/home\/wp-json\/wp\/v2\/media?parent=275"}],"curies":[{"name":"wp","href":"https:\/\/api.w.org\/{rel}","templated":true}]}}