{"id":277,"date":"2024-07-12T10:29:54","date_gmt":"2024-07-12T08:29:54","guid":{"rendered":"https:\/\/biblioteka.bojszowy.pl\/?page_id=277"},"modified":"2024-10-01T10:23:17","modified_gmt":"2024-10-01T08:23:17","slug":"faq","status":"publish","type":"page","link":"https:\/\/biblioteka.bojszowy.pl\/home\/faq\/","title":{"rendered":"FAQ"},"content":{"rendered":"<div id=\"pl-gb277-69e216f4db3b0\"  class=\"panel-layout\" ><div id=\"pg-gb277-69e216f4db3b0-0\"  class=\"panel-grid panel-no-style\" ><div id=\"pgc-gb277-69e216f4db3b0-0-0\"  class=\"panel-grid-cell\" ><div id=\"panel-gb277-69e216f4db3b0-0-0-0\" class=\"so-panel widget widget_sow-accordion panel-first-child panel-last-child\" data-index=\"0\" ><div\n\t\t\t\n\t\t\tclass=\"so-widget-sow-accordion so-widget-sow-accordion-default-d9295f5bfa93-277\"\n\t\t\t\n\t\t><div>\n\t<div class=\"sow-accordion\">\n\t\t\t<div class=\"sow-accordion-panel\n\t\t\t\t\t\"\n\t\t\t\tdata-anchor-id=\"1-jakie-sa-godziny-otwarcia-biblioteki\">\n\t\t\t\t\t<div class=\"sow-accordion-panel-header-container\" role=\"heading\" aria-level=\"2\">\n\t\t\t\t\t<div class=\"sow-accordion-panel-header\" tabindex=\"0\" role=\"button\" id=\"accordion-label-1-jakie-s%c4%85-godziny-otwarcia-biblioteki\" aria-controls=\"accordion-content-1-jakie-s%c4%85-godziny-otwarcia-biblioteki\" aria-expanded=\"false\">\n\t\t\t\t\t\t<div class=\"sow-accordion-title sow-accordion-title-icon-left\">\n\t\t\t\t\t\t\t\t\t\t\t\t\t\t1. Jakie s\u0105 godziny otwarcia biblioteki?\t\t\t\t\t\t\t\t\t\t\t\t\t<\/div>\n\t\t\t\t\t\t<div class=\"sow-accordion-open-close-button\">\n\t\t\t\t\t\t\t<div class=\"sow-accordion-open-button\">\n\t\t\t\t\t\t\t\t<span class=\"sow-icon-ionicons\" data-sow-icon=\"&#xf218;\"\n\t\t \n\t\taria-hidden=\"true\"><\/span>\t\t\t\t\t\t\t<\/div>\n\t\t\t\t\t\t\t<div class=\"sow-accordion-close-button\">\n\t\t\t\t\t\t\t\t<span class=\"sow-icon-ionicons\" data-sow-icon=\"&#xf209;\"\n\t\t \n\t\taria-hidden=\"true\"><\/span>\t\t\t\t\t\t\t<\/div>\n\t\t\t\t\t\t<\/div>\n\t\t\t\t\t<\/div>\n\t\t\t\t<\/div>\n\n\t\t\t<div\n\t\t\t\tclass=\"sow-accordion-panel-content\"\n\t\t\t\trole=\"region\"\n\t\t\t\taria-labelledby=\"accordion-label-1-jakie-s%c4%85-godziny-otwarcia-biblioteki\"\n\t\t\t\tid=\"accordion-content-1-jakie-s%c4%85-godziny-otwarcia-biblioteki\"\n\t\t\t\tstyle=\"display: none;\"\t\t\t>\n\t\t\t\t<div class=\"sow-accordion-panel-border\">\n\t\t\t\t\t<p><strong>Gminna Biblioteka Publiczna w Bojszowach<br \/>\n<\/strong>poniedzia\u0142ek &#8211; pi\u0105tek\u00a0\u00a0\u00a0 10.00 \u2013 18.00<br \/>\nsobota\u00a0 9.00 \u2013 13.00 (wybrane soboty miesi\u0105ca)<strong><br \/>\nFilia nr 1 w Bojszowach Nowych<br \/>\n<\/strong>\u00a0poniedzia\u0142ek -\u015broda 10.00 \u2013 17.00<br \/>\nczwartek nieczynne<br \/>\npi\u0105tek\u00a0 9.00 -16.00<\/p>\n\t\t\t\t<\/div>\n\t\t\t<\/div>\n\t\t<\/div>\n\t\t\t<div class=\"sow-accordion-panel\n\t\t\t\t\t\"\n\t\t\t\tdata-anchor-id=\"2-czy-potrzebuje-karty-bibliotecznej-aby-korzystac-z-uslug-biblioteki\">\n\t\t\t\t\t<div class=\"sow-accordion-panel-header-container\" role=\"heading\" aria-level=\"2\">\n\t\t\t\t\t<div class=\"sow-accordion-panel-header\" tabindex=\"0\" role=\"button\" id=\"accordion-label-2-czy-potrzebuj%c4%99-karty-bibliotecznej-aby-korzysta%c4%87-z-us%c5%82ug-biblioteki\" aria-controls=\"accordion-content-2-czy-potrzebuj%c4%99-karty-bibliotecznej-aby-korzysta%c4%87-z-us%c5%82ug-biblioteki\" aria-expanded=\"false\">\n\t\t\t\t\t\t<div class=\"sow-accordion-title sow-accordion-title-icon-left\">\n\t\t\t\t\t\t\t\t\t\t\t\t\t\t2. Czy potrzebuj\u0119 karty bibliotecznej, aby korzysta\u0107 z us\u0142ug biblioteki?\t\t\t\t\t\t\t\t\t\t\t\t\t<\/div>\n\t\t\t\t\t\t<div class=\"sow-accordion-open-close-button\">\n\t\t\t\t\t\t\t<div class=\"sow-accordion-open-button\">\n\t\t\t\t\t\t\t\t<span class=\"sow-icon-ionicons\" data-sow-icon=\"&#xf218;\"\n\t\t \n\t\taria-hidden=\"true\"><\/span>\t\t\t\t\t\t\t<\/div>\n\t\t\t\t\t\t\t<div class=\"sow-accordion-close-button\">\n\t\t\t\t\t\t\t\t<span class=\"sow-icon-ionicons\" data-sow-icon=\"&#xf209;\"\n\t\t \n\t\taria-hidden=\"true\"><\/span>\t\t\t\t\t\t\t<\/div>\n\t\t\t\t\t\t<\/div>\n\t\t\t\t\t<\/div>\n\t\t\t\t<\/div>\n\n\t\t\t<div\n\t\t\t\tclass=\"sow-accordion-panel-content\"\n\t\t\t\trole=\"region\"\n\t\t\t\taria-labelledby=\"accordion-label-2-czy-potrzebuj%c4%99-karty-bibliotecznej-aby-korzysta%c4%87-z-us%c5%82ug-biblioteki\"\n\t\t\t\tid=\"accordion-content-2-czy-potrzebuj%c4%99-karty-bibliotecznej-aby-korzysta%c4%87-z-us%c5%82ug-biblioteki\"\n\t\t\t\tstyle=\"display: none;\"\t\t\t>\n\t\t\t\t<div class=\"sow-accordion-panel-border\">\n\t\t\t\t\t<p>Tak, aby korzysta\u0107 ze zbior\u00f3w Biblioteki, trzeba mie\u0107 przy sobie Kart\u0119 Czytelnika, kt\u00f3ra wydawana jest na podstawie wa\u017cnego dokumentu to\u017csamo\u015bci b\u0105d\u017a legitymacji.<\/p>\n\t\t\t\t<\/div>\n\t\t\t<\/div>\n\t\t<\/div>\n\t\t\t<div class=\"sow-accordion-panel\n\t\t\t\t\t\"\n\t\t\t\tdata-anchor-id=\"3-jak-moge-sie-zapisac-do-biblioteki\">\n\t\t\t\t\t<div class=\"sow-accordion-panel-header-container\" role=\"heading\" aria-level=\"2\">\n\t\t\t\t\t<div class=\"sow-accordion-panel-header\" tabindex=\"0\" role=\"button\" id=\"accordion-label-3-jak-mog%c4%99-si%c4%99-zapisa%c4%87-do-biblioteki\" aria-controls=\"accordion-content-3-jak-mog%c4%99-si%c4%99-zapisa%c4%87-do-biblioteki\" aria-expanded=\"false\">\n\t\t\t\t\t\t<div class=\"sow-accordion-title sow-accordion-title-icon-left\">\n\t\t\t\t\t\t\t\t\t\t\t\t\t\t3. Jak mog\u0119 si\u0119 zapisa\u0107 do biblioteki?\t\t\t\t\t\t\t\t\t\t\t\t\t<\/div>\n\t\t\t\t\t\t<div class=\"sow-accordion-open-close-button\">\n\t\t\t\t\t\t\t<div class=\"sow-accordion-open-button\">\n\t\t\t\t\t\t\t\t<span class=\"sow-icon-ionicons\" data-sow-icon=\"&#xf218;\"\n\t\t \n\t\taria-hidden=\"true\"><\/span>\t\t\t\t\t\t\t<\/div>\n\t\t\t\t\t\t\t<div class=\"sow-accordion-close-button\">\n\t\t\t\t\t\t\t\t<span class=\"sow-icon-ionicons\" data-sow-icon=\"&#xf209;\"\n\t\t \n\t\taria-hidden=\"true\"><\/span>\t\t\t\t\t\t\t<\/div>\n\t\t\t\t\t\t<\/div>\n\t\t\t\t\t<\/div>\n\t\t\t\t<\/div>\n\n\t\t\t<div\n\t\t\t\tclass=\"sow-accordion-panel-content\"\n\t\t\t\trole=\"region\"\n\t\t\t\taria-labelledby=\"accordion-label-3-jak-mog%c4%99-si%c4%99-zapisa%c4%87-do-biblioteki\"\n\t\t\t\tid=\"accordion-content-3-jak-mog%c4%99-si%c4%99-zapisa%c4%87-do-biblioteki\"\n\t\t\t\tstyle=\"display: none;\"\t\t\t>\n\t\t\t\t<div class=\"sow-accordion-panel-border\">\n\t\t\t\t\t<p>&#8211; Do biblioteki mo\u017ce zapisa\u0107 si\u0119 ka\u017cda osoba bez wzgl\u0119du na wiek czy miejsce zamieszkania. Do zapisu niezb\u0119dne jest podanie swoich danych osobowych oraz numeru PESEL. Osoby niepe\u0142noletnie musz\u0105 przyj\u015b\u0107 z opiekunem prawnym.<br \/>\n&#8211; Op\u0142ata za wydanie karty: doro\u015bli: 4 z\u0142; dzieli do lat 16: 1 z\u0142.<br \/>\n&#8211; Zapisu dokonujemy przychodz\u0105c osobi\u015bcie<br \/>\n&#8211; Zach\u0119camy r\u00f3wnie\u017c do zapis\u00f3w on-line<\/p>\n\t\t\t\t<\/div>\n\t\t\t<\/div>\n\t\t<\/div>\n\t\t\t<div class=\"sow-accordion-panel\n\t\t\t\t\t\"\n\t\t\t\tdata-anchor-id=\"4-czy-biblioteka-oferuje-dostep-do-e-bookow-i-audiobookow\">\n\t\t\t\t\t<div class=\"sow-accordion-panel-header-container\" role=\"heading\" aria-level=\"2\">\n\t\t\t\t\t<div class=\"sow-accordion-panel-header\" tabindex=\"0\" role=\"button\" id=\"accordion-label-4-czy-biblioteka-oferuje-dost%c4%99p-do-e-book%c3%b3w-i-audiobook%c3%b3w\" aria-controls=\"accordion-content-4-czy-biblioteka-oferuje-dost%c4%99p-do-e-book%c3%b3w-i-audiobook%c3%b3w\" aria-expanded=\"false\">\n\t\t\t\t\t\t<div class=\"sow-accordion-title sow-accordion-title-icon-left\">\n\t\t\t\t\t\t\t\t\t\t\t\t\t\t4. Czy biblioteka oferuje dost\u0119p do e-book\u00f3w i audiobook\u00f3w?\t\t\t\t\t\t\t\t\t\t\t\t\t<\/div>\n\t\t\t\t\t\t<div class=\"sow-accordion-open-close-button\">\n\t\t\t\t\t\t\t<div class=\"sow-accordion-open-button\">\n\t\t\t\t\t\t\t\t<span class=\"sow-icon-ionicons\" data-sow-icon=\"&#xf218;\"\n\t\t \n\t\taria-hidden=\"true\"><\/span>\t\t\t\t\t\t\t<\/div>\n\t\t\t\t\t\t\t<div class=\"sow-accordion-close-button\">\n\t\t\t\t\t\t\t\t<span class=\"sow-icon-ionicons\" data-sow-icon=\"&#xf209;\"\n\t\t \n\t\taria-hidden=\"true\"><\/span>\t\t\t\t\t\t\t<\/div>\n\t\t\t\t\t\t<\/div>\n\t\t\t\t\t<\/div>\n\t\t\t\t<\/div>\n\n\t\t\t<div\n\t\t\t\tclass=\"sow-accordion-panel-content\"\n\t\t\t\trole=\"region\"\n\t\t\t\taria-labelledby=\"accordion-label-4-czy-biblioteka-oferuje-dost%c4%99p-do-e-book%c3%b3w-i-audiobook%c3%b3w\"\n\t\t\t\tid=\"accordion-content-4-czy-biblioteka-oferuje-dost%c4%99p-do-e-book%c3%b3w-i-audiobook%c3%b3w\"\n\t\t\t\tstyle=\"display: none;\"\t\t\t>\n\t\t\t\t<div class=\"sow-accordion-panel-border\">\n\t\t\t\t\t<p>Gminna Biblioteka Publiczna w Bojszowach oferuje dosat\u0119p do aubiobook\u00f3w. S\u0105 w\u015br\u00f3d nich powie\u015bci<br \/>\ni opowiadania autor\u00f3w polskich i obcych, ksi\u0105\u017cki popularnonaukowe oraz ksi\u0105\u017cki dla dzieci i m\u0142odzie\u017cy (w tym lektury).<\/p>\n\t\t\t\t<\/div>\n\t\t\t<\/div>\n\t\t<\/div>\n\t\t\t<div class=\"sow-accordion-panel\n\t\t\t\t\t\"\n\t\t\t\tdata-anchor-id=\"5-jak-moge-przedluzyc-wypozyczone-ksiazki\">\n\t\t\t\t\t<div class=\"sow-accordion-panel-header-container\" role=\"heading\" aria-level=\"2\">\n\t\t\t\t\t<div class=\"sow-accordion-panel-header\" tabindex=\"0\" role=\"button\" id=\"accordion-label-5-jak-mog%c4%99-przed%c5%82u%c5%bcy%c4%87-wypo%c5%bcyczone-ksi%c4%85%c5%bcki\" aria-controls=\"accordion-content-5-jak-mog%c4%99-przed%c5%82u%c5%bcy%c4%87-wypo%c5%bcyczone-ksi%c4%85%c5%bcki\" aria-expanded=\"false\">\n\t\t\t\t\t\t<div class=\"sow-accordion-title sow-accordion-title-icon-left\">\n\t\t\t\t\t\t\t\t\t\t\t\t\t\t5. Jak mog\u0119 przed\u0142u\u017cy\u0107 wypo\u017cyczone ksi\u0105\u017cki?\t\t\t\t\t\t\t\t\t\t\t\t\t<\/div>\n\t\t\t\t\t\t<div class=\"sow-accordion-open-close-button\">\n\t\t\t\t\t\t\t<div class=\"sow-accordion-open-button\">\n\t\t\t\t\t\t\t\t<span class=\"sow-icon-ionicons\" data-sow-icon=\"&#xf218;\"\n\t\t \n\t\taria-hidden=\"true\"><\/span>\t\t\t\t\t\t\t<\/div>\n\t\t\t\t\t\t\t<div class=\"sow-accordion-close-button\">\n\t\t\t\t\t\t\t\t<span class=\"sow-icon-ionicons\" data-sow-icon=\"&#xf209;\"\n\t\t \n\t\taria-hidden=\"true\"><\/span>\t\t\t\t\t\t\t<\/div>\n\t\t\t\t\t\t<\/div>\n\t\t\t\t\t<\/div>\n\t\t\t\t<\/div>\n\n\t\t\t<div\n\t\t\t\tclass=\"sow-accordion-panel-content\"\n\t\t\t\trole=\"region\"\n\t\t\t\taria-labelledby=\"accordion-label-5-jak-mog%c4%99-przed%c5%82u%c5%bcy%c4%87-wypo%c5%bcyczone-ksi%c4%85%c5%bcki\"\n\t\t\t\tid=\"accordion-content-5-jak-mog%c4%99-przed%c5%82u%c5%bcy%c4%87-wypo%c5%bcyczone-ksi%c4%85%c5%bcki\"\n\t\t\t\tstyle=\"display: none;\"\t\t\t>\n\t\t\t\t<div class=\"sow-accordion-panel-border\">\n\t\t\t\t\t<p><strong>Termin wypo\u017cyczenia ksi\u0105\u017cek mo\u017cna przed\u0142u\u017cy\u0107 na trzy sposoby:<\/strong><\/p>\n<ul>\n<li>telefonicznie pod nr32 218 91 07 lub 571 240 360,<\/li>\n<li>SMS pod nr 571 240 360,<\/li>\n<li>przez Internet. W tym celu trzeba zalogowa\u0107 si\u0119 na swoje konto w katalogu elektronicznym Integro, klikn\u0105\u0107 opcj\u0119 \u201eKonto\u201d i z menu bocznego wybra\u0107 pozycj\u0119 \u201eProlongaty\u201d. Uka\u017c\u0105 si\u0119 wszystkie ksi\u0105\u017cki, kt\u00f3re mo\u017cna prolongowa\u0107. Prolongacie podlegaj\u0105 jedynie ksi\u0105\u017cki, kt\u00f3rych termin zwrotu jeszcze nie up\u0142yn\u0105\u0142, i kt\u00f3re nie zosta\u0142y zarezerwowane przez innego czytelnika.<\/li>\n<\/ul>\n\t\t\t\t<\/div>\n\t\t\t<\/div>\n\t\t<\/div>\n\t\t\t<div class=\"sow-accordion-panel\n\t\t\t\t\t\"\n\t\t\t\tdata-anchor-id=\"6-jak-moge-zarezerwowac-ksiazke-ktora-jest-aktualnie-wypozyczona\">\n\t\t\t\t\t<div class=\"sow-accordion-panel-header-container\" role=\"heading\" aria-level=\"2\">\n\t\t\t\t\t<div class=\"sow-accordion-panel-header\" tabindex=\"0\" role=\"button\" id=\"accordion-label-6-jak-mog%c4%99-zarezerwowa%c4%87-ksi%c4%85%c5%bck%c4%99-kt%c3%b3ra-jest-aktualnie-wypo%c5%bcyczona\" aria-controls=\"accordion-content-6-jak-mog%c4%99-zarezerwowa%c4%87-ksi%c4%85%c5%bck%c4%99-kt%c3%b3ra-jest-aktualnie-wypo%c5%bcyczona\" aria-expanded=\"false\">\n\t\t\t\t\t\t<div class=\"sow-accordion-title sow-accordion-title-icon-left\">\n\t\t\t\t\t\t\t\t\t\t\t\t\t\t6. Jak mog\u0119 zarezerwowa\u0107 ksi\u0105\u017ck\u0119, kt\u00f3ra jest aktualnie wypo\u017cyczona?\t\t\t\t\t\t\t\t\t\t\t\t\t<\/div>\n\t\t\t\t\t\t<div class=\"sow-accordion-open-close-button\">\n\t\t\t\t\t\t\t<div class=\"sow-accordion-open-button\">\n\t\t\t\t\t\t\t\t<span class=\"sow-icon-ionicons\" data-sow-icon=\"&#xf218;\"\n\t\t \n\t\taria-hidden=\"true\"><\/span>\t\t\t\t\t\t\t<\/div>\n\t\t\t\t\t\t\t<div class=\"sow-accordion-close-button\">\n\t\t\t\t\t\t\t\t<span class=\"sow-icon-ionicons\" data-sow-icon=\"&#xf209;\"\n\t\t \n\t\taria-hidden=\"true\"><\/span>\t\t\t\t\t\t\t<\/div>\n\t\t\t\t\t\t<\/div>\n\t\t\t\t\t<\/div>\n\t\t\t\t<\/div>\n\n\t\t\t<div\n\t\t\t\tclass=\"sow-accordion-panel-content\"\n\t\t\t\trole=\"region\"\n\t\t\t\taria-labelledby=\"accordion-label-6-jak-mog%c4%99-zarezerwowa%c4%87-ksi%c4%85%c5%bck%c4%99-kt%c3%b3ra-jest-aktualnie-wypo%c5%bcyczona\"\n\t\t\t\tid=\"accordion-content-6-jak-mog%c4%99-zarezerwowa%c4%87-ksi%c4%85%c5%bck%c4%99-kt%c3%b3ra-jest-aktualnie-wypo%c5%bcyczona\"\n\t\t\t\tstyle=\"display: none;\"\t\t\t>\n\t\t\t\t<div class=\"sow-accordion-panel-border\">\n\t\t\t\t\t<p><strong>Wej\u015b\u0107 w zak\u0142adk\u0119 katalogi on-line<\/strong><\/p>\n<p>&#8211; Wyszukaj poszukiwan\u0105 ksi\u0105\u017ck\u0119<br \/>\n&#8211; Po odnalezieniu ksi\u0105\u017cki nale\u017cy klikn\u0105\u0107 pole :<br \/>\n&#8211; (pomara\u0144czowe) Zapisz si\u0119\u2013 ksi\u0105\u017cka jest aktualnie wypo\u017cyczona,<br \/>\n&#8211;\u00a0 (zielone) Wypo\u017cycz\u00a0 \u2013 wybrana ksi\u0105\u017cka jest aktualnie dost\u0119pna.<br \/>\n&#8211; Otrzymasz potwierdzenie SMS gdy ksi\u0105\u017cka b\u0119dzie do odbioru<\/p>\n\t\t\t\t<\/div>\n\t\t\t<\/div>\n\t\t<\/div>\n\t\t\t<div class=\"sow-accordion-panel\n\t\t\t\t\t\"\n\t\t\t\tdata-anchor-id=\"7-czy-w-bibliotece-jest-dostepne-wi-fi\">\n\t\t\t\t\t<div class=\"sow-accordion-panel-header-container\" role=\"heading\" aria-level=\"2\">\n\t\t\t\t\t<div class=\"sow-accordion-panel-header\" tabindex=\"0\" role=\"button\" id=\"accordion-label-7-czy-w-bibliotece-jest-dost%c4%99pne-wi-fi\" aria-controls=\"accordion-content-7-czy-w-bibliotece-jest-dost%c4%99pne-wi-fi\" aria-expanded=\"false\">\n\t\t\t\t\t\t<div class=\"sow-accordion-title sow-accordion-title-icon-left\">\n\t\t\t\t\t\t\t\t\t\t\t\t\t\t7. Czy w bibliotece jest dost\u0119pne Wi-Fi?\t\t\t\t\t\t\t\t\t\t\t\t\t<\/div>\n\t\t\t\t\t\t<div class=\"sow-accordion-open-close-button\">\n\t\t\t\t\t\t\t<div class=\"sow-accordion-open-button\">\n\t\t\t\t\t\t\t\t<span class=\"sow-icon-ionicons\" data-sow-icon=\"&#xf218;\"\n\t\t \n\t\taria-hidden=\"true\"><\/span>\t\t\t\t\t\t\t<\/div>\n\t\t\t\t\t\t\t<div class=\"sow-accordion-close-button\">\n\t\t\t\t\t\t\t\t<span class=\"sow-icon-ionicons\" data-sow-icon=\"&#xf209;\"\n\t\t \n\t\taria-hidden=\"true\"><\/span>\t\t\t\t\t\t\t<\/div>\n\t\t\t\t\t\t<\/div>\n\t\t\t\t\t<\/div>\n\t\t\t\t<\/div>\n\n\t\t\t<div\n\t\t\t\tclass=\"sow-accordion-panel-content\"\n\t\t\t\trole=\"region\"\n\t\t\t\taria-labelledby=\"accordion-label-7-czy-w-bibliotece-jest-dost%c4%99pne-wi-fi\"\n\t\t\t\tid=\"accordion-content-7-czy-w-bibliotece-jest-dost%c4%99pne-wi-fi\"\n\t\t\t\tstyle=\"display: none;\"\t\t\t>\n\t\t\t\t<div class=\"sow-accordion-panel-border\">\n\t\t\t\t\t<p>Tak, w Bibliotece dost\u0119pne wi-fi. Has\u0142o dost\u0119pne u bibliotekarza.<\/p>\n\t\t\t\t<\/div>\n\t\t\t<\/div>\n\t\t<\/div>\n\t\t<\/div>\n<\/div>\n<\/div><\/div><\/div><\/div><\/div>\n\n\n<p><\/p>\n","protected":false},"excerpt":{"rendered":"","protected":false},"author":1,"featured_media":0,"parent":0,"menu_order":0,"comment_status":"closed","ping_status":"closed","template":"","meta":{"_monsterinsights_skip_tracking":false,"_monsterinsights_sitenote_active":false,"_monsterinsights_sitenote_note":"","_monsterinsights_sitenote_category":0,"footnotes":""},"class_list":["post-277","page","type-page","status-publish","hentry"],"_links":{"self":[{"href":"https:\/\/biblioteka.bojszowy.pl\/home\/wp-json\/wp\/v2\/pages\/277","targetHints":{"allow":["GET"]}}],"collection":[{"href":"https:\/\/biblioteka.bojszowy.pl\/home\/wp-json\/wp\/v2\/pages"}],"about":[{"href":"https:\/\/biblioteka.bojszowy.pl\/home\/wp-json\/wp\/v2\/types\/page"}],"author":[{"embeddable":true,"href":"https:\/\/biblioteka.bojszowy.pl\/home\/wp-json\/wp\/v2\/users\/1"}],"replies":[{"embeddable":true,"href":"https:\/\/biblioteka.bojszowy.pl\/home\/wp-json\/wp\/v2\/comments?post=277"}],"version-history":[{"count":3,"href":"https:\/\/biblioteka.bojszowy.pl\/home\/wp-json\/wp\/v2\/pages\/277\/revisions"}],"predecessor-version":[{"id":37646,"href":"https:\/\/biblioteka.bojszowy.pl\/home\/wp-json\/wp\/v2\/pages\/277\/revisions\/37646"}],"wp:attachment":[{"href":"https:\/\/biblioteka.bojszowy.pl\/home\/wp-json\/wp\/v2\/media?parent=277"}],"curies":[{"name":"wp","href":"https:\/\/api.w.org\/{rel}","templated":true}]}}