{"id":279,"date":"2024-07-12T10:30:15","date_gmt":"2024-07-12T08:30:15","guid":{"rendered":"https:\/\/biblioteka.bojszowy.pl\/?page_id=279"},"modified":"2024-10-02T12:46:55","modified_gmt":"2024-10-02T10:46:55","slug":"partnerzy","status":"publish","type":"page","link":"https:\/\/biblioteka.bojszowy.pl\/home\/partnerzy\/","title":{"rendered":"Partnerzy"},"content":{"rendered":"\n<p><strong>Ministerstwo Kultury i Dziedzictwa Narodowego:<\/strong><\/p>\n\n\n\n<figure class=\"wp-block-image size-full is-resized\"><a href=\"https:\/\/www.gov.pl\/web\/kultura\"><img loading=\"lazy\" decoding=\"async\" width=\"300\" height=\"154\" src=\"https:\/\/biblioteka.bojszowy.pl\/wp-content\/uploads\/2024\/08\/MKiDN.png\" alt=\"Ministerstwo Kultury i Dziedzictwa Narodowego Logo\" class=\"wp-image-37582\" style=\"width:auto;height:100px\"\/><\/a><\/figure>\n\n\n\n<p><strong>Fundacja Rozwoju Spo\u0142ecze\u0144stwa Informacyjnego &#8211; Program Rozwoju Bibliotek:<\/strong><\/p>\n\n\n\n<div class=\"wp-block-group is-nowrap is-layout-flex wp-container-core-group-is-layout-ad2f72ca wp-block-group-is-layout-flex\">\n<figure class=\"wp-block-image size-full is-resized\"><a href=\"https:\/\/frsi.org.pl\/\"><img loading=\"lazy\" decoding=\"async\" width=\"182\" height=\"70\" src=\"https:\/\/biblioteka.bojszowy.pl\/wp-content\/uploads\/2024\/08\/logo-frsi.png\" alt=\"FUNDACJA ROZWOJU SPO\u0141ECZE\u0143STWA INFORMACYJNEGO Logo\" class=\"wp-image-37581\" style=\"width:auto;height:100px\"\/><\/a><\/figure>\n\n\n\n<figure class=\"wp-block-image size-full is-resized\"><a href=\"https:\/\/frsi.org.pl\/projekt\/program-rozwoju-bibliotek\/\"><img loading=\"lazy\" decoding=\"async\" width=\"160\" height=\"61\" src=\"https:\/\/biblioteka.bojszowy.pl\/wp-content\/uploads\/2024\/08\/logo-prb.png\" alt=\"Program rozwoju bibliotek Logo\" class=\"wp-image-37580\" style=\"width:auto;height:100px\"\/><\/a><\/figure>\n<\/div>\n\n\n\n<p><strong>Polsko-Ameryka\u0144ska Fundacja Wolno\u015bci:<\/strong><\/p>\n\n\n\n<figure class=\"wp-block-image size-full is-resized\"><a href=\"https:\/\/pafw.pl\/\"><img loading=\"lazy\" decoding=\"async\" width=\"311\" height=\"70\" src=\"https:\/\/biblioteka.bojszowy.pl\/wp-content\/uploads\/2024\/08\/logo_PAFW.png\" alt=\"Polsko-Ameryka\u0144ska Fundacja Wolno\u015bci Logo\" class=\"wp-image-37577\" style=\"width:auto;height:100px\" srcset=\"https:\/\/biblioteka.bojszowy.pl\/wp-content\/uploads\/2024\/08\/logo_PAFW.png 311w, https:\/\/biblioteka.bojszowy.pl\/wp-content\/uploads\/2024\/08\/logo_PAFW-300x68.png 300w\" sizes=\"auto, (max-width: 311px) 100vw, 311px\" \/><\/a><\/figure>\n\n\n\n<p><strong>Biblioteka Narodowa:<\/strong><\/p>\n\n\n\n<figure class=\"wp-block-image size-full is-resized\"><a href=\"https:\/\/www.bn.org.pl\/\"><img loading=\"lazy\" decoding=\"async\" width=\"776\" height=\"261\" src=\"https:\/\/biblioteka.bojszowy.pl\/wp-content\/uploads\/2024\/09\/Biblioteka-Narodowa-1-png.webp\" alt=\"\" class=\"wp-image-37604\" style=\"width:auto;height:100px\" srcset=\"https:\/\/biblioteka.bojszowy.pl\/wp-content\/uploads\/2024\/09\/Biblioteka-Narodowa-1-png.webp 776w, https:\/\/biblioteka.bojszowy.pl\/wp-content\/uploads\/2024\/09\/Biblioteka-Narodowa-1-300x101.webp 300w, https:\/\/biblioteka.bojszowy.pl\/wp-content\/uploads\/2024\/09\/Biblioteka-Narodowa-1-768x258.webp 768w\" sizes=\"auto, (max-width: 776px) 100vw, 776px\" \/><\/a><\/figure>\n\n\n\n<p><strong>Narodowy Program Rozwoju Czytelnictwa 2.0:<\/strong><\/p>\n\n\n\n<figure class=\"wp-block-image size-large is-resized\"><a href=\"https:\/\/www.gov.pl\/web\/nauka\/narodowy-program-rozwoju-czytelnictwa-20-edycja-2021-2025\"><img loading=\"lazy\" decoding=\"async\" width=\"1024\" height=\"583\" src=\"https:\/\/biblioteka.bojszowy.pl\/wp-content\/uploads\/2024\/09\/Narodowy-Program-Rozwoju-Czytelnictwa-1024x583.webp\" alt=\"\" class=\"wp-image-37606\" style=\"width:auto;height:100px\" srcset=\"https:\/\/biblioteka.bojszowy.pl\/wp-content\/uploads\/2024\/09\/Narodowy-Program-Rozwoju-Czytelnictwa-1024x583.webp 1024w, https:\/\/biblioteka.bojszowy.pl\/wp-content\/uploads\/2024\/09\/Narodowy-Program-Rozwoju-Czytelnictwa-300x171.webp 300w, https:\/\/biblioteka.bojszowy.pl\/wp-content\/uploads\/2024\/09\/Narodowy-Program-Rozwoju-Czytelnictwa-768x437.webp 768w, https:\/\/biblioteka.bojszowy.pl\/wp-content\/uploads\/2024\/09\/Narodowy-Program-Rozwoju-Czytelnictwa-1536x874.webp 1536w, https:\/\/biblioteka.bojszowy.pl\/wp-content\/uploads\/2024\/09\/Narodowy-Program-Rozwoju-Czytelnictwa-850x484.webp 850w, https:\/\/biblioteka.bojszowy.pl\/wp-content\/uploads\/2024\/09\/Narodowy-Program-Rozwoju-Czytelnictwa-jpg.webp 1922w\" sizes=\"auto, (max-width: 1024px) 100vw, 1024px\" \/><\/a><\/figure>\n\n\n\n<p><strong>Bank Sp\u00f3\u0142dzielczy w Tychach:<\/strong><\/p>\n\n\n\n<figure class=\"wp-block-image size-full is-resized\"><a href=\"https:\/\/www.bstychy.com.pl\/\"><img loading=\"lazy\" decoding=\"async\" width=\"684\" height=\"278\" src=\"https:\/\/biblioteka.bojszowy.pl\/wp-content\/uploads\/2024\/09\/BSTychy_Kontra-png.webp\" alt=\"\" class=\"wp-image-37608\" style=\"width:auto;height:100px\" srcset=\"https:\/\/biblioteka.bojszowy.pl\/wp-content\/uploads\/2024\/09\/BSTychy_Kontra-png.webp 684w, https:\/\/biblioteka.bojszowy.pl\/wp-content\/uploads\/2024\/09\/BSTychy_Kontra-300x122.webp 300w\" sizes=\"auto, (max-width: 684px) 100vw, 684px\" \/><\/a><\/figure>\n\n\n\n<p><strong>Instytut Ksi\u0105\u017cki:<\/strong><\/p>\n\n\n\n<figure class=\"wp-block-image size-full is-resized\"><a href=\"https:\/\/www.instytutksiazki.pl\/pl\/\"><img loading=\"lazy\" decoding=\"async\" width=\"881\" height=\"960\" src=\"https:\/\/biblioteka.bojszowy.pl\/wp-content\/uploads\/2024\/09\/INSTYTUT-KSIAZKI-jpg.webp\" alt=\"\" class=\"wp-image-37610\" style=\"width:auto;height:100px\" srcset=\"https:\/\/biblioteka.bojszowy.pl\/wp-content\/uploads\/2024\/09\/INSTYTUT-KSIAZKI-jpg.webp 881w, https:\/\/biblioteka.bojszowy.pl\/wp-content\/uploads\/2024\/09\/INSTYTUT-KSIAZKI-275x300.webp 275w, https:\/\/biblioteka.bojszowy.pl\/wp-content\/uploads\/2024\/09\/INSTYTUT-KSIAZKI-768x837.webp 768w, https:\/\/biblioteka.bojszowy.pl\/wp-content\/uploads\/2024\/09\/INSTYTUT-KSIAZKI-300x327.webp 300w, https:\/\/biblioteka.bojszowy.pl\/wp-content\/uploads\/2024\/09\/INSTYTUT-KSIAZKI-850x926.webp 850w\" sizes=\"auto, (max-width: 881px) 100vw, 881px\" \/><\/a><\/figure>\n\n\n\n<p><strong>Narodowe Centrum Kultury:<\/strong><\/p>\n\n\n\n<figure class=\"wp-block-image size-large is-resized\"><a href=\"https:\/\/www.nck.pl\/\"><img loading=\"lazy\" decoding=\"async\" width=\"1024\" height=\"588\" src=\"https:\/\/biblioteka.bojszowy.pl\/wp-content\/uploads\/2024\/09\/narodowe-centrum-kultury-2013487727-1024x588.webp\" alt=\"\" class=\"wp-image-37611\" style=\"width:auto;height:100px\" srcset=\"https:\/\/biblioteka.bojszowy.pl\/wp-content\/uploads\/2024\/09\/narodowe-centrum-kultury-2013487727-1024x588.webp 1024w, https:\/\/biblioteka.bojszowy.pl\/wp-content\/uploads\/2024\/09\/narodowe-centrum-kultury-2013487727-300x172.webp 300w, https:\/\/biblioteka.bojszowy.pl\/wp-content\/uploads\/2024\/09\/narodowe-centrum-kultury-2013487727-768x441.webp 768w, https:\/\/biblioteka.bojszowy.pl\/wp-content\/uploads\/2024\/09\/narodowe-centrum-kultury-2013487727-850x488.webp 850w, https:\/\/biblioteka.bojszowy.pl\/wp-content\/uploads\/2024\/09\/narodowe-centrum-kultury-2013487727-png.webp 1490w\" sizes=\"auto, (max-width: 1024px) 100vw, 1024px\" \/><\/a><\/figure>\n\n\n\n<p><\/p>\n","protected":false},"excerpt":{"rendered":"<p>Ministerstwo Kultury i Dziedzictwa Narodowego: Fundacja Rozwoju Spo\u0142ecze\u0144stwa Informacyjnego &#8211; Program Rozwoju Bibliotek: Polsko-Ameryka\u0144ska Fundacja Wolno\u015bci: Biblioteka Narodowa: Narodowy Program Rozwoju Czytelnictwa 2.0: Bank Sp\u00f3\u0142dzielczy w Tychach: Instytut Ksi\u0105\u017cki: Narodowe Centrum Kultury:<\/p>\n","protected":false},"author":1,"featured_media":0,"parent":0,"menu_order":0,"comment_status":"closed","ping_status":"closed","template":"","meta":{"_monsterinsights_skip_tracking":false,"_monsterinsights_sitenote_active":false,"_monsterinsights_sitenote_note":"","_monsterinsights_sitenote_category":0,"footnotes":""},"class_list":["post-279","page","type-page","status-publish","hentry"],"_links":{"self":[{"href":"https:\/\/biblioteka.bojszowy.pl\/home\/wp-json\/wp\/v2\/pages\/279","targetHints":{"allow":["GET"]}}],"collection":[{"href":"https:\/\/biblioteka.bojszowy.pl\/home\/wp-json\/wp\/v2\/pages"}],"about":[{"href":"https:\/\/biblioteka.bojszowy.pl\/home\/wp-json\/wp\/v2\/types\/page"}],"author":[{"embeddable":true,"href":"https:\/\/biblioteka.bojszowy.pl\/home\/wp-json\/wp\/v2\/users\/1"}],"replies":[{"embeddable":true,"href":"https:\/\/biblioteka.bojszowy.pl\/home\/wp-json\/wp\/v2\/comments?post=279"}],"version-history":[{"count":2,"href":"https:\/\/biblioteka.bojszowy.pl\/home\/wp-json\/wp\/v2\/pages\/279\/revisions"}],"predecessor-version":[{"id":40372,"href":"https:\/\/biblioteka.bojszowy.pl\/home\/wp-json\/wp\/v2\/pages\/279\/revisions\/40372"}],"wp:attachment":[{"href":"https:\/\/biblioteka.bojszowy.pl\/home\/wp-json\/wp\/v2\/media?parent=279"}],"curies":[{"name":"wp","href":"https:\/\/api.w.org\/{rel}","templated":true}]}}