{"id":281,"date":"2024-07-12T10:30:33","date_gmt":"2024-07-12T08:30:33","guid":{"rendered":"https:\/\/biblioteka.bojszowy.pl\/?page_id=281"},"modified":"2026-04-10T08:47:39","modified_gmt":"2026-04-10T06:47:39","slug":"kontakt","status":"publish","type":"page","link":"https:\/\/biblioteka.bojszowy.pl\/home\/kontakt\/","title":{"rendered":"Kontakt"},"content":{"rendered":"\n<h3 class=\"wp-block-heading has-text-align-center\">Gminna Biblioteka Publiczna w Bojszowach<\/h3>\n\n\n\n<p class=\"has-text-align-center\">ul.&nbsp;Go\u015bcinna 6<br>43-220 Bojszowy<\/p>\n\n\n\n<p class=\"has-text-align-center\">Tel. 32\/ 21 89 107<br>Tel.&nbsp;571 240 360<br>NIP: 646\u2013262-38-79<br>Regon: 271118869<\/p>\n\n\n\n<p class=\"has-text-align-center\">e-mail:&nbsp;<a href=\"mailto:kontakt@biblioteka.bojszowy.pl\">kontakt@biblioteka.bojszowy.pl<\/a><\/p>\n\n\n\n<p class=\"has-text-align-center\"><strong>Centrala: Gminna Biblioteka Publiczna w Bojszowach<\/strong><br><strong>ul.&nbsp;Go\u015bcinna 6<\/strong><br>43-220 Bojszowy<br><br><strong>Dyrektor:<\/strong>&nbsp;Izabela Pi\u0119tka<br>e-mail: <a href=\"mailto:dyrektor@biblioteka.bojszowy.pl\">dyrektor@biblioteka.bojszowy.pl<\/a><\/p>\n\n\n\n<p class=\"has-text-align-center\"><strong>Godziny otwarcia:<\/strong><br>Poniedzia\u0142ek: 10.00 \u2013 18.00<br>Wtorek: 10.00 \u2013 18.00<br>\u015aroda: 10.00 \u2013 18.00<br>Czwartek: 10.00 \u2013 18.00<br>Pi\u0105tek: 10.00 \u2013 18.00<\/p>\n\n\n\n<p class=\"has-text-align-center\">Sobota: 9.00 \u2013 13.00 (wybrane soboty miesi\u0105ca)<\/p>\n\n\n\n<p class=\"has-text-align-center\">________________________________________<\/p>\n\n\n\n<p class=\"has-text-align-center\"><strong>Filia nr 1 w Bojszowach Nowych<\/strong><br>ul. Ruchu Oporu 100<br>43-220 Bojszowy Nowe<\/p>\n\n\n\n<p class=\"has-text-align-center\">tel. 502 403 750<\/p>\n\n\n\n<p class=\"has-text-align-center\">kontakt: filianr1.bojszowynowe@gmail.com<\/p>\n\n\n\n<p class=\"has-text-align-center\"><strong>Godziny otwarcia:<\/strong><\/p>\n\n\n\n<p class=\"has-text-align-center\">Poniedzia\u0142ek 13:00 &#8211; 17:00 <\/p>\n\n\n\n<p class=\"has-text-align-center has-black-color has-text-color has-link-color wp-elements-e6759c54e007ac8afcf48f2b2742c607\">Wtorek 13:00 &#8211; 17:00 <\/p>\n\n\n\n<p class=\"has-text-align-center has-black-color has-text-color has-link-color wp-elements-eed51bb2753a54874c15c083f2b63e7b\">\u015aroda 13:00 &#8211; 17:00 <\/p>\n\n\n\n<p class=\"has-text-align-center has-black-color has-text-color has-link-color wp-elements-90d59275765fccec7bc30518e138d34f\">Czwartek nieczynne <\/p>\n\n\n\n<p class=\"has-text-align-center has-black-color has-text-color has-link-color wp-elements-91aa05d19bae954051335f0a09e084ee\">Pi\u0105tek 9:00 &#8211; 16:00<\/p>\n\n\n\n<p class=\"has-text-align-center has-vivid-red-color has-text-color has-link-color wp-elements-ea4fcc9eb9c87c98ad4be583710f7f05\"><\/p>\n\n\n\n<p class=\"has-text-align-center\">________________________________________<\/p>\n","protected":false},"excerpt":{"rendered":"<p>Gminna Biblioteka Publiczna w Bojszowach ul.&nbsp;Go\u015bcinna 643-220 Bojszowy Tel. 32\/ 21 89 107Tel.&nbsp;571 240 360NIP: 646\u2013262-38-79Regon: 271118869 e-mail:&nbsp;kontakt@biblioteka.bojszowy.pl Centrala: Gminna Biblioteka Publiczna w Bojszowachul.&nbsp;Go\u015bcinna 643-220 Bojszowy Dyrektor:&nbsp;Izabela Pi\u0119tkae-mail: dyrektor@biblioteka.bojszowy.pl Godziny otwarcia:Poniedzia\u0142ek: 10.00 \u2013 18.00Wtorek: 10.00 \u2013 18.00\u015aroda: 10.00 \u2013 18.00Czwartek: 10.00 \u2013 18.00Pi\u0105tek: 10.00 \u2013 18.00 Sobota: 9.00 \u2013 13.00 (wybrane soboty miesi\u0105ca) ________________________________________ Filia&#8230;<\/p>\n","protected":false},"author":1,"featured_media":0,"parent":0,"menu_order":0,"comment_status":"closed","ping_status":"closed","template":"","meta":{"_monsterinsights_skip_tracking":false,"_monsterinsights_sitenote_active":false,"_monsterinsights_sitenote_note":"","_monsterinsights_sitenote_category":0,"footnotes":""},"class_list":["post-281","page","type-page","status-publish","hentry"],"_links":{"self":[{"href":"https:\/\/biblioteka.bojszowy.pl\/home\/wp-json\/wp\/v2\/pages\/281","targetHints":{"allow":["GET"]}}],"collection":[{"href":"https:\/\/biblioteka.bojszowy.pl\/home\/wp-json\/wp\/v2\/pages"}],"about":[{"href":"https:\/\/biblioteka.bojszowy.pl\/home\/wp-json\/wp\/v2\/types\/page"}],"author":[{"embeddable":true,"href":"https:\/\/biblioteka.bojszowy.pl\/home\/wp-json\/wp\/v2\/users\/1"}],"replies":[{"embeddable":true,"href":"https:\/\/biblioteka.bojszowy.pl\/home\/wp-json\/wp\/v2\/comments?post=281"}],"version-history":[{"count":12,"href":"https:\/\/biblioteka.bojszowy.pl\/home\/wp-json\/wp\/v2\/pages\/281\/revisions"}],"predecessor-version":[{"id":45299,"href":"https:\/\/biblioteka.bojszowy.pl\/home\/wp-json\/wp\/v2\/pages\/281\/revisions\/45299"}],"wp:attachment":[{"href":"https:\/\/biblioteka.bojszowy.pl\/home\/wp-json\/wp\/v2\/media?parent=281"}],"curies":[{"name":"wp","href":"https:\/\/api.w.org\/{rel}","templated":true}]}}