{"id":3,"date":"2024-07-11T16:02:52","date_gmt":"2024-07-11T14:02:52","guid":{"rendered":"https:\/\/biblioteka.bojszowy.pl\/?page_id=3"},"modified":"2024-09-30T11:48:52","modified_gmt":"2024-09-30T09:48:52","slug":"polityka-prywatnosci","status":"publish","type":"page","link":"https:\/\/biblioteka.bojszowy.pl\/home\/biblioteka\/polityka-prywatnosci\/","title":{"rendered":"Polityka prywatno\u015bci"},"content":{"rendered":"\n<p><strong>Polityka Prywatno\u015bci Gminnej Biblioteki Publicznej w Bojszowach<\/strong><\/p>\n\n\n\n<p><strong>1. Informacje og\u00f3lne<\/strong><\/p>\n\n\n\n<p>Niniejsza Polityka Prywatno\u015bci okre\u015bla zasady przetwarzania i ochrony danych osobowych, kt\u00f3re s\u0105 przekazywane przez u\u017cytkownik\u00f3w podczas korzystania z witryny internetowej Gminnej Biblioteki Publicznej w Bojszowach (dalej \u201eSerwis\u201d).<\/p>\n\n\n\n<p><strong>2. Administrator danych osobowych<\/strong><\/p>\n\n\n\n<p>Administratorem danych osobowych jest Gminna Biblioteka Publiczna w Bojszowach, z siedzib\u0105 przy ul. Go\u015bcinnej 6, 43-220 Bojszowy, tel.: 32 218 91 07, e-mail: kontakt@biblioteka.zdi24.pl (dalej \u201eAdministrator\u201d).<\/p>\n\n\n\n<p><strong>3. Inspektor Ochrony Danych<\/strong><\/p>\n\n\n\n<p>Administrator wyznaczy\u0142 Inspektora Ochrony Danych, z kt\u00f3rym mo\u017cna si\u0119 kontaktowa\u0107 w sprawach ochrony danych osobowych pod adresem e-mail: iod@biblioteka.zdi24.pl lub telefonicznie: 32 218 91 07.<\/p>\n\n\n\n<p><strong>4. Cele i podstawy przetwarzania danych<\/strong><\/p>\n\n\n\n<p>Administrator przetwarza dane osobowe u\u017cytkownik\u00f3w Serwisu w nast\u0119puj\u0105cych celach:<\/p>\n\n\n\n<p>\u2022&nbsp; <strong>Realizacja us\u0142ug<\/strong> zwi\u0105zanych z prowadzeniem dzia\u0142alno\u015bci bibliotecznej i udost\u0119pnianiem zasob\u00f3w (podstawa prawna: art. 6 ust. 1 lit. b RODO),<\/p>\n\n\n\n<p>\u2022&nbsp; <strong>Kontakt z u\u017cytkownikami<\/strong> Serwisu w sprawach zwi\u0105zanych z dzia\u0142alno\u015bci\u0105 Biblioteki (podstawa prawna: art. 6 ust. 1 lit. f RODO),<\/p>\n\n\n\n<p>\u2022&nbsp; <strong>Marketing w\u0142asnych us\u0142ug<\/strong> Administratora, takich jak informowanie o wydarzeniach kulturalnych, nowo\u015bciach w Bibliotece (podstawa prawna: art. 6 ust. 1 lit. f RODO).<\/p>\n\n\n\n<p><strong>5. Okres przechowywania danych<\/strong><\/p>\n\n\n\n<p>Dane osobowe s\u0105 przechowywane przez czas niezb\u0119dny do realizacji umowy o \u015bwiadczenie us\u0142ug drog\u0105 elektroniczn\u0105 oraz:<\/p>\n\n\n\n<p>\u2022&nbsp; w przypadku realizacji umowy \u2013 przez czas jej trwania i do momentu przedawnienia ewentualnych roszcze\u0144,<\/p>\n\n\n\n<p>\u2022&nbsp; w przypadku przetwarzania danych na cele marketingowe \u2013 do momentu zg\u0142oszenia sprzeciwu wobec takiego przetwarzania.<\/p>\n\n\n\n<p><strong>6. Odbiorcy danych<\/strong><\/p>\n\n\n\n<p>Dane osobowe mog\u0105 by\u0107 udost\u0119pniane:<\/p>\n\n\n\n<p>\u2022&nbsp; Podmiotom przetwarzaj\u0105cym dane w imieniu Administratora, np. dostawcom us\u0142ug IT,<\/p>\n\n\n\n<p>\u2022&nbsp; Organom publicznym, kt\u00f3rym Administrator jest zobowi\u0105zany przekaza\u0107 dane na podstawie obowi\u0105zuj\u0105cych przepis\u00f3w prawa.<\/p>\n\n\n\n<p><strong>7. Prawa u\u017cytkownik\u00f3w<\/strong><\/p>\n\n\n\n<p>Ka\u017cdemu u\u017cytkownikowi, kt\u00f3rego dane dotycz\u0105, przys\u0142uguj\u0105 nast\u0119puj\u0105ce prawa:<\/p>\n\n\n\n<p>\u2022&nbsp; Prawo dost\u0119pu do swoich danych oraz otrzymania ich kopii,<\/p>\n\n\n\n<p>\u2022&nbsp; Prawo do sprostowania danych (poprawiania nieprawid\u0142owych danych),<\/p>\n\n\n\n<p>\u2022&nbsp; Prawo do usuni\u0119cia danych (prawo do bycia zapomnianym),<\/p>\n\n\n\n<p>\u2022&nbsp; Prawo do ograniczenia przetwarzania danych,<\/p>\n\n\n\n<p>\u2022&nbsp; Prawo do wniesienia sprzeciwu wobec przetwarzania danych,<\/p>\n\n\n\n<p>\u2022&nbsp; Prawo do przenoszenia danych,<\/p>\n\n\n\n<p>\u2022&nbsp; Prawo do wniesienia skargi do organu nadzorczego, czyli Prezesa Urz\u0119du Ochrony Danych Osobowych.<\/p>\n\n\n\n<p><strong>8. Dobrowolno\u015b\u0107 podania danych<\/strong><\/p>\n\n\n\n<p>Podanie danych osobowych jest dobrowolne, jednak niezb\u0119dne do korzystania z niekt\u00f3rych us\u0142ug Serwisu, takich jak wypo\u017cyczanie ksi\u0105\u017cek, korzystanie z czytelni online lub zapisy na wydarzenia organizowane przez Bibliotek\u0119.<\/p>\n\n\n\n<p><strong>9. Zautomatyzowane podejmowanie decyzji i profilowanie<\/strong><\/p>\n\n\n\n<p>Administrator nie stosuje zautomatyzowanego podejmowania decyzji ani profilowania w oparciu o dane osobowe u\u017cytkownik\u00f3w.<\/p>\n\n\n\n<p><strong>10. Pliki cookies<\/strong><\/p>\n\n\n\n<p>Serwis u\u017cywa plik\u00f3w cookies, kt\u00f3re s\u0105 niezb\u0119dne do prawid\u0142owego dzia\u0142ania strony. Szczeg\u00f3\u0142owe informacje na temat wykorzystywania plik\u00f3w cookies znajduj\u0105 si\u0119 w <strong>Polityce Cookies<\/strong> dost\u0119pnej na stronie Serwisu.<\/p>\n\n\n\n<p><strong>11. Zabezpieczenie danych<\/strong><\/p>\n\n\n\n<p>Administrator stosuje odpowiednie \u015brodki techniczne i organizacyjne, kt\u00f3re zapewniaj\u0105 ochron\u0119 przetwarzanych danych osobowych zgodnie z obowi\u0105zuj\u0105cymi przepisami, w szczeg\u00f3lno\u015bci zabezpieczaj\u0105c dane przed nieautoryzowanym dost\u0119pem.<\/p>\n\n\n\n<p><strong>12. Zmiany w Polityce Prywatno\u015bci<\/strong><\/p>\n\n\n\n<p>Administrator zastrzega sobie prawo do wprowadzania zmian w niniejszej Polityce Prywatno\u015bci. Wszelkie zmiany b\u0119d\u0105 publikowane na stronie internetowej Serwisu, a u\u017cytkownicy b\u0119d\u0105 o nich informowani w odpowiedni spos\u00f3b.<\/p>\n\n\n\n<p><strong>13. Kontakt<\/strong><\/p>\n\n\n\n<p>W przypadku jakichkolwiek pyta\u0144 lub w\u0105tpliwo\u015bci dotycz\u0105cych przetwarzania danych osobowych, prosimy o kontakt pod adresem e-mail: kontakt@biblioteka.zdi24.pl lub telefonicznie: 32 218 91 07.<\/p>\n\n\n\n<p>Data ostatniej aktualizacji: 30.09.2024r.<\/p>\n","protected":false},"excerpt":{"rendered":"<p>Polityka Prywatno\u015bci Gminnej Biblioteki Publicznej w Bojszowach 1. Informacje og\u00f3lne Niniejsza Polityka Prywatno\u015bci okre\u015bla zasady przetwarzania i ochrony danych osobowych, kt\u00f3re s\u0105 przekazywane przez u\u017cytkownik\u00f3w podczas korzystania z witryny internetowej Gminnej Biblioteki Publicznej w Bojszowach (dalej \u201eSerwis\u201d). 2. Administrator danych osobowych Administratorem danych osobowych jest Gminna Biblioteka Publiczna w Bojszowach, z siedzib\u0105 przy ul. Go\u015bcinnej&#8230;<\/p>\n","protected":false},"author":1,"featured_media":0,"parent":269,"menu_order":0,"comment_status":"closed","ping_status":"open","template":"","meta":{"_monsterinsights_skip_tracking":false,"_monsterinsights_sitenote_active":false,"_monsterinsights_sitenote_note":"","_monsterinsights_sitenote_category":0,"footnotes":""},"class_list":["post-3","page","type-page","status-publish","hentry"],"_links":{"self":[{"href":"https:\/\/biblioteka.bojszowy.pl\/home\/wp-json\/wp\/v2\/pages\/3","targetHints":{"allow":["GET"]}}],"collection":[{"href":"https:\/\/biblioteka.bojszowy.pl\/home\/wp-json\/wp\/v2\/pages"}],"about":[{"href":"https:\/\/biblioteka.bojszowy.pl\/home\/wp-json\/wp\/v2\/types\/page"}],"author":[{"embeddable":true,"href":"https:\/\/biblioteka.bojszowy.pl\/home\/wp-json\/wp\/v2\/users\/1"}],"replies":[{"embeddable":true,"href":"https:\/\/biblioteka.bojszowy.pl\/home\/wp-json\/wp\/v2\/comments?post=3"}],"version-history":[{"count":1,"href":"https:\/\/biblioteka.bojszowy.pl\/home\/wp-json\/wp\/v2\/pages\/3\/revisions"}],"predecessor-version":[{"id":37630,"href":"https:\/\/biblioteka.bojszowy.pl\/home\/wp-json\/wp\/v2\/pages\/3\/revisions\/37630"}],"up":[{"embeddable":true,"href":"https:\/\/biblioteka.bojszowy.pl\/home\/wp-json\/wp\/v2\/pages\/269"}],"wp:attachment":[{"href":"https:\/\/biblioteka.bojszowy.pl\/home\/wp-json\/wp\/v2\/media?parent=3"}],"curies":[{"name":"wp","href":"https:\/\/api.w.org\/{rel}","templated":true}]}}