{"id":357,"date":"2024-06-01T13:58:46","date_gmt":"2024-06-01T11:58:46","guid":{"rendered":"https:\/\/biblioteka.bojszowy.pl\/?page_id=357"},"modified":"2024-10-01T13:14:04","modified_gmt":"2024-10-01T11:14:04","slug":"strona-glowna","status":"publish","type":"page","link":"https:\/\/biblioteka.bojszowy.pl\/home\/","title":{"rendered":"Strona G\u0142\u00f3wna"},"content":{"rendered":"<div id=\"pl-gb357-69f4bd45108f9\"  class=\"panel-layout\" ><div id=\"pg-gb357-69f4bd45108f9-0\"  class=\"panel-grid panel-no-style\" ><div id=\"pgc-gb357-69f4bd45108f9-0-0\"  class=\"panel-grid-cell\" ><div id=\"panel-gb357-69f4bd45108f9-0-0-0\" class=\"so-panel widget widget_sow-recent-posts panel-first-child panel-last-child\" data-index=\"0\" ><div\n\t\t\t\n\t\t\tclass=\"so-widget-sow-recent-posts so-widget-sow-recent-posts-default-986ca620bc0c-357\"\n\t\t\t\n\t\t><h3 class=\"widget-title\">Aktualno\u015bci<\/h3>\t<ul class=\"sow-recent-posts\">\n\t\t\t\t\t<li class=\"sow-recent-posts-item\">\n\t\t\t\t<div class=\"sow-recent-posts-item-inner\">\n\t\t\t\t\t\t\t\t\t\t\t\t<a\n\t\t\tclass=\"sow-recent-posts-thumbnail\"\n\t\t\thref=\"https:\/\/biblioteka.bojszowy.pl\/home\/2026\/04\/24\/maluch-w-bibliotece-i-parasol-5\/\"\n\t\t\t\t\t>\n\t\t\t<img loading=\"lazy\" decoding=\"async\" width=\"216\" height=\"216\" src=\"https:\/\/biblioteka.bojszowy.pl\/wp-content\/uploads\/2026\/04\/32-5-216x216.jpg\" class=\"attachment-sow-recent-post size-sow-recent-post wp-post-image\" alt=\"\" srcset=\"https:\/\/biblioteka.bojszowy.pl\/wp-content\/uploads\/2026\/04\/32-5-216x216.jpg 216w, https:\/\/biblioteka.bojszowy.pl\/wp-content\/uploads\/2026\/04\/32-5-150x150.jpg 150w, https:\/\/biblioteka.bojszowy.pl\/wp-content\/uploads\/2026\/04\/32-5-375x375.jpg 375w\" sizes=\"auto, (max-width: 216px) 100vw, 216px\" \/>\t\t<\/a>\n\t\t\n\t\t\t\t\t<div class=\"sow-recent-posts-item-hgroup\">\n\t\t\t\t\t\t\t\t<h3 class=\"sow-recent-posts-title\">\n\t\t\t<a\n\t\t\t\thref=\"https:\/\/biblioteka.bojszowy.pl\/home\/2026\/04\/24\/maluch-w-bibliotece-i-parasol-5\/\"\n\t\t\t\t\t\t\t>\n\t\t\t\tMaluch w bibliotece i parasol\t\t\t<\/a>\n\t\t<\/h3>\n\t\t\t\t<span class=\"sow-recent-posts-date\">\n\t\t\t<time\n\t\t\t\tclass=\"published\"\n\t\t\t\tdatetime=\"2026-04-24T14:24:27+02:00\"\n\t\t\t\taria-label=\"Published on:\"\n\t\t\t>\n\t\t\t2026-04-24\t\t<\/time>\n\n\t\t<time\n\t\t\t\tclass=\"updated\"\n\t\t\t\tdatetime=\"2026-04-24T14:24:33+02:00\"\n\t\t\t\taria-label=\"Last updated on:\"\n\t\t\t>\n\t\t\t\t2026-04-24\t\t\t<\/time>\n\t\t<\/span>\n\t\t<p class=\"sow-recent-posts-excerpt\">Zaj\u0119cia w filii w Bojszowach Nowych<\/p>\t\t<a\n\t\t\tclass=\"sow-recent-posts-read-more\"\n\t\t\thref=\"https:\/\/biblioteka.bojszowy.pl\/home\/2026\/04\/24\/maluch-w-bibliotece-i-parasol-5\/\"\n\t\t\t\t\t>\n\t\t\tCzytaj dalej\t\t<\/a>\n\t\t\t\t\t\t\t<\/div>\n\t\t\t\t\t\t\t\t\t<\/div>\n\t\t\t<\/li>\n\t\t\t\t\t\t<li class=\"sow-recent-posts-item\">\n\t\t\t\t<div class=\"sow-recent-posts-item-inner\">\n\t\t\t\t\t\t\t\t\t\t\t\t<a\n\t\t\tclass=\"sow-recent-posts-thumbnail\"\n\t\t\thref=\"https:\/\/biblioteka.bojszowy.pl\/home\/2026\/04\/23\/maluch-w-bibliotece-i-parasol-4\/\"\n\t\t\t\t\t>\n\t\t\t<img loading=\"lazy\" decoding=\"async\" width=\"216\" height=\"216\" src=\"https:\/\/biblioteka.bojszowy.pl\/wp-content\/uploads\/2026\/04\/32-4-216x216.jpg\" class=\"attachment-sow-recent-post size-sow-recent-post wp-post-image\" alt=\"\" srcset=\"https:\/\/biblioteka.bojszowy.pl\/wp-content\/uploads\/2026\/04\/32-4-216x216.jpg 216w, https:\/\/biblioteka.bojszowy.pl\/wp-content\/uploads\/2026\/04\/32-4-150x150.jpg 150w, https:\/\/biblioteka.bojszowy.pl\/wp-content\/uploads\/2026\/04\/32-4-375x375.jpg 375w\" sizes=\"auto, (max-width: 216px) 100vw, 216px\" \/>\t\t<\/a>\n\t\t\n\t\t\t\t\t<div class=\"sow-recent-posts-item-hgroup\">\n\t\t\t\t\t\t\t\t<h3 class=\"sow-recent-posts-title\">\n\t\t\t<a\n\t\t\t\thref=\"https:\/\/biblioteka.bojszowy.pl\/home\/2026\/04\/23\/maluch-w-bibliotece-i-parasol-4\/\"\n\t\t\t\t\t\t\t>\n\t\t\t\tMaluch w bibliotece i parasol\t\t\t<\/a>\n\t\t<\/h3>\n\t\t\t\t<span class=\"sow-recent-posts-date\">\n\t\t\t<time\n\t\t\t\tclass=\"published\"\n\t\t\t\tdatetime=\"2026-04-23T10:13:12+02:00\"\n\t\t\t\taria-label=\"Published on:\"\n\t\t\t>\n\t\t\t2026-04-23\t\t<\/time>\n\n\t\t<time\n\t\t\t\tclass=\"updated\"\n\t\t\t\tdatetime=\"2026-04-24T11:35:20+02:00\"\n\t\t\t\taria-label=\"Last updated on:\"\n\t\t\t>\n\t\t\t\t2026-04-24\t\t\t<\/time>\n\t\t<\/span>\n\t\t\t\t<a\n\t\t\tclass=\"sow-recent-posts-read-more\"\n\t\t\thref=\"https:\/\/biblioteka.bojszowy.pl\/home\/2026\/04\/23\/maluch-w-bibliotece-i-parasol-4\/\"\n\t\t\t\t\t>\n\t\t\tCzytaj dalej\t\t<\/a>\n\t\t\t\t\t\t\t<\/div>\n\t\t\t\t\t\t\t\t\t<\/div>\n\t\t\t<\/li>\n\t\t\t\t\t\t<li class=\"sow-recent-posts-item\">\n\t\t\t\t<div class=\"sow-recent-posts-item-inner\">\n\t\t\t\t\t\t\t\t\t\t\t\t<a\n\t\t\tclass=\"sow-recent-posts-thumbnail\"\n\t\t\thref=\"https:\/\/biblioteka.bojszowy.pl\/home\/2026\/04\/21\/slawek-gortych\/\"\n\t\t\t\t\t>\n\t\t\t<img loading=\"lazy\" decoding=\"async\" width=\"216\" height=\"216\" src=\"https:\/\/biblioteka.bojszowy.pl\/wp-content\/uploads\/2026\/04\/678781568_1400130992145899_1197557053520139405_n-216x216.jpg\" class=\"attachment-sow-recent-post size-sow-recent-post wp-post-image\" alt=\"\" srcset=\"https:\/\/biblioteka.bojszowy.pl\/wp-content\/uploads\/2026\/04\/678781568_1400130992145899_1197557053520139405_n-216x216.jpg 216w, https:\/\/biblioteka.bojszowy.pl\/wp-content\/uploads\/2026\/04\/678781568_1400130992145899_1197557053520139405_n-150x150.jpg 150w, https:\/\/biblioteka.bojszowy.pl\/wp-content\/uploads\/2026\/04\/678781568_1400130992145899_1197557053520139405_n-375x375.jpg 375w\" sizes=\"auto, (max-width: 216px) 100vw, 216px\" \/>\t\t<\/a>\n\t\t\n\t\t\t\t\t<div class=\"sow-recent-posts-item-hgroup\">\n\t\t\t\t\t\t\t\t<h3 class=\"sow-recent-posts-title\">\n\t\t\t<a\n\t\t\t\thref=\"https:\/\/biblioteka.bojszowy.pl\/home\/2026\/04\/21\/slawek-gortych\/\"\n\t\t\t\t\t\t\t>\n\t\t\t\tS\u0142awek Gortych\t\t\t<\/a>\n\t\t<\/h3>\n\t\t\t\t<span class=\"sow-recent-posts-date\">\n\t\t\t<time\n\t\t\t\tclass=\"published\"\n\t\t\t\tdatetime=\"2026-04-21T12:15:00+02:00\"\n\t\t\t\taria-label=\"Published on:\"\n\t\t\t>\n\t\t\t2026-04-21\t\t<\/time>\n\n\t\t<time\n\t\t\t\tclass=\"updated\"\n\t\t\t\tdatetime=\"2026-04-21T14:15:55+02:00\"\n\t\t\t\taria-label=\"Last updated on:\"\n\t\t\t>\n\t\t\t\t2026-04-21\t\t\t<\/time>\n\t\t<\/span>\n\t\t<p class=\"sow-recent-posts-excerpt\">S\u0105 pi\u0105tki, o kt\u00f3rych d\u0142ugo si\u0119 pami\u0119ta&#8230; Silteratura na maksymalnych&#8230;<\/p>\t\t<a\n\t\t\tclass=\"sow-recent-posts-read-more\"\n\t\t\thref=\"https:\/\/biblioteka.bojszowy.pl\/home\/2026\/04\/21\/slawek-gortych\/\"\n\t\t\t\t\t>\n\t\t\tCzytaj dalej\t\t<\/a>\n\t\t\t\t\t\t\t<\/div>\n\t\t\t\t\t\t\t\t\t<\/div>\n\t\t\t<\/li>\n\t\t\t\t\t\t<li class=\"sow-recent-posts-item\">\n\t\t\t\t<div class=\"sow-recent-posts-item-inner\">\n\t\t\t\t\t\t\t\t\t\t\t\t<a\n\t\t\tclass=\"sow-recent-posts-thumbnail\"\n\t\t\thref=\"https:\/\/biblioteka.bojszowy.pl\/home\/2026\/04\/17\/maluch-w-bibliotece-i-biedronka-2\/\"\n\t\t\t\t\t>\n\t\t\t<img loading=\"lazy\" decoding=\"async\" width=\"216\" height=\"216\" src=\"https:\/\/biblioteka.bojszowy.pl\/wp-content\/uploads\/2026\/04\/b38aab3f-d18c-42a7-a7be-580a780ffdad-216x216.jpg\" class=\"attachment-sow-recent-post size-sow-recent-post wp-post-image\" alt=\"\" srcset=\"https:\/\/biblioteka.bojszowy.pl\/wp-content\/uploads\/2026\/04\/b38aab3f-d18c-42a7-a7be-580a780ffdad-216x216.jpg 216w, https:\/\/biblioteka.bojszowy.pl\/wp-content\/uploads\/2026\/04\/b38aab3f-d18c-42a7-a7be-580a780ffdad-150x150.jpg 150w, https:\/\/biblioteka.bojszowy.pl\/wp-content\/uploads\/2026\/04\/b38aab3f-d18c-42a7-a7be-580a780ffdad-375x375.jpg 375w\" sizes=\"auto, (max-width: 216px) 100vw, 216px\" \/>\t\t<\/a>\n\t\t\n\t\t\t\t\t<div class=\"sow-recent-posts-item-hgroup\">\n\t\t\t\t\t\t\t\t<h3 class=\"sow-recent-posts-title\">\n\t\t\t<a\n\t\t\t\thref=\"https:\/\/biblioteka.bojszowy.pl\/home\/2026\/04\/17\/maluch-w-bibliotece-i-biedronka-2\/\"\n\t\t\t\t\t\t\t>\n\t\t\t\tMaluch w bibliotece i biedronka\t\t\t<\/a>\n\t\t<\/h3>\n\t\t\t\t<span class=\"sow-recent-posts-date\">\n\t\t\t<time\n\t\t\t\tclass=\"published\"\n\t\t\t\tdatetime=\"2026-04-17T15:44:56+02:00\"\n\t\t\t\taria-label=\"Published on:\"\n\t\t\t>\n\t\t\t2026-04-17\t\t<\/time>\n\n\t\t<time\n\t\t\t\tclass=\"updated\"\n\t\t\t\tdatetime=\"2026-04-21T16:40:44+02:00\"\n\t\t\t\taria-label=\"Last updated on:\"\n\t\t\t>\n\t\t\t\t2026-04-21\t\t\t<\/time>\n\t\t<\/span>\n\t\t<p class=\"sow-recent-posts-excerpt\">Zaj\u0119cia w filii w Bojszowach Nowych<\/p>\t\t<a\n\t\t\tclass=\"sow-recent-posts-read-more\"\n\t\t\thref=\"https:\/\/biblioteka.bojszowy.pl\/home\/2026\/04\/17\/maluch-w-bibliotece-i-biedronka-2\/\"\n\t\t\t\t\t>\n\t\t\tCzytaj dalej\t\t<\/a>\n\t\t\t\t\t\t\t<\/div>\n\t\t\t\t\t\t\t\t\t<\/div>\n\t\t\t<\/li>\n\t\t\t\t\t\t<li class=\"sow-recent-posts-item\">\n\t\t\t\t<div class=\"sow-recent-posts-item-inner\">\n\t\t\t\t\t\t\t\t\t\t\t\t<a\n\t\t\tclass=\"sow-recent-posts-thumbnail\"\n\t\t\thref=\"https:\/\/biblioteka.bojszowy.pl\/home\/2026\/04\/16\/maluch-w-bibliotece-i-biedronka\/\"\n\t\t\t\t\t>\n\t\t\t<img loading=\"lazy\" decoding=\"async\" width=\"216\" height=\"216\" src=\"https:\/\/biblioteka.bojszowy.pl\/wp-content\/uploads\/2026\/04\/d81058ac-e33b-48af-960c-fd8c858c6d03-216x216.jpg\" class=\"attachment-sow-recent-post size-sow-recent-post wp-post-image\" alt=\"\" srcset=\"https:\/\/biblioteka.bojszowy.pl\/wp-content\/uploads\/2026\/04\/d81058ac-e33b-48af-960c-fd8c858c6d03-216x216.jpg 216w, https:\/\/biblioteka.bojszowy.pl\/wp-content\/uploads\/2026\/04\/d81058ac-e33b-48af-960c-fd8c858c6d03-150x150.jpg 150w, https:\/\/biblioteka.bojszowy.pl\/wp-content\/uploads\/2026\/04\/d81058ac-e33b-48af-960c-fd8c858c6d03-375x375.jpg 375w\" sizes=\"auto, (max-width: 216px) 100vw, 216px\" \/>\t\t<\/a>\n\t\t\n\t\t\t\t\t<div class=\"sow-recent-posts-item-hgroup\">\n\t\t\t\t\t\t\t\t<h3 class=\"sow-recent-posts-title\">\n\t\t\t<a\n\t\t\t\thref=\"https:\/\/biblioteka.bojszowy.pl\/home\/2026\/04\/16\/maluch-w-bibliotece-i-biedronka\/\"\n\t\t\t\t\t\t\t>\n\t\t\t\tMaluch w bibliotece i biedronka\t\t\t<\/a>\n\t\t<\/h3>\n\t\t\t\t<span class=\"sow-recent-posts-date\">\n\t\t\t<time\n\t\t\t\tclass=\"published\"\n\t\t\t\tdatetime=\"2026-04-16T15:31:08+02:00\"\n\t\t\t\taria-label=\"Published on:\"\n\t\t\t>\n\t\t\t2026-04-16\t\t<\/time>\n\n\t\t<time\n\t\t\t\tclass=\"updated\"\n\t\t\t\tdatetime=\"2026-04-21T11:50:45+02:00\"\n\t\t\t\taria-label=\"Last updated on:\"\n\t\t\t>\n\t\t\t\t2026-04-21\t\t\t<\/time>\n\t\t<\/span>\n\t\t\t\t<a\n\t\t\tclass=\"sow-recent-posts-read-more\"\n\t\t\thref=\"https:\/\/biblioteka.bojszowy.pl\/home\/2026\/04\/16\/maluch-w-bibliotece-i-biedronka\/\"\n\t\t\t\t\t>\n\t\t\tCzytaj dalej\t\t<\/a>\n\t\t\t\t\t\t\t<\/div>\n\t\t\t\t\t\t\t\t\t<\/div>\n\t\t\t<\/li>\n\t\t\t\t<\/ul>\n\t<\/div><\/div><\/div><div id=\"pgc-gb357-69f4bd45108f9-0-1\"  class=\"panel-grid-cell\" ><div id=\"panel-gb357-69f4bd45108f9-0-1-0\" class=\"widget_text so-panel widget widget_custom_html panel-first-child panel-last-child\" data-index=\"1\" ><h3 class=\"widget-title\">Wyszukaj<\/h3><div class=\"textwidget custom-html-widget\"><div class=\"search-form-container\">\n\t<form id=\"search-form\" target=\"_blank\" method=\"post\" accept-charset=\"UTF-8\" action=\"\">\n\t\t<input type=\"hidden\" name=\"KatID\" value=\"0\" \/>\n\t\t<input type=\"hidden\" name=\"typ\" value=\"repl\" \/>\n\t\t<input type=\"hidden\" name=\"search_way\" value=\"ss\" \/>\n\t\t<div class=\"search-inputs\">\n\t\t\t<input class=\"sowa-sf-input\" id=\"simple-search-phrase\" name=\"s\" type=\"text\" \/>\n\t\t\t<input type=\"submit\" value=\"Szukaj\" \/>\n\t\t<\/div>\n\t\t<div class=\"search-options\">\n\t\t\t<input type=\"radio\" form=\"#\" id=\"wybor_strona\" name=\"szukaj_wybor\" value=\"na_stronie\" checked>\n\t\t\t<label for=\"wybor_strona\">na stronie<\/label>\n\t\t\t<input type=\"radio\" form=\"#\" id=\"wybor_katalog\" name=\"szukaj_wybor\" value=\"w_katalogu\">\n\t\t\t<label for=\"wybor_katalog\">w katalogu<\/label>\n\t\t<\/div>\n\t<\/form>\n<\/div><\/div><\/div><\/div><\/div><div id=\"pg-gb357-69f4bd45108f9-1\"  class=\"panel-grid panel-no-style\" ><div id=\"pgc-gb357-69f4bd45108f9-1-0\"  class=\"panel-grid-cell\" ><div id=\"panel-gb357-69f4bd45108f9-1-0-0\" class=\"so-panel widget widget_custom-links-widget panel-first-child panel-last-child\" data-index=\"2\" ><div\n\t\t\t\n\t\t\tclass=\"so-widget-custom-links-widget so-widget-custom-links-widget-base\"\n\t\t\t\n\t\t><h3 class=\"widget-title\">Nasze Projekty<\/h3><h3 id=\"custom-links-header-37560\"><a href=\"https:\/\/biblioteka.bojszowy.pl\/home\/projekty\/\">Projekty<\/a><\/h3><div class=\"custom-links-children-37560\"><ul><li><a href=\"https:\/\/biblioteka.bojszowy.pl\/home\/projekty\/bojszowska-kraina-snow\/\"><strong>Bojszowska kraina sn\u00f3w<\/strong><\/a><\/li><ul><\/ul><li><a href=\"https:\/\/biblioteka.bojszowy.pl\/home\/projekty\/maluch-w-bibliotece\/\"><strong>Maluch w bibliotece<\/strong><\/a><\/li><ul><\/ul><li><a href=\"https:\/\/biblioteka.bojszowy.pl\/home\/projekty\/mkidn\/\"><strong>MKiDN<\/strong><\/a><\/li><ul><li><a href=\"https:\/\/biblioteka.bojszowy.pl\/home\/projekty\/mkidn\/dyskusyjny-klub-ksiazki\/\">Dyskusyjny klub ksi\u0105\u017cki<\/a><\/li><li><a href=\"https:\/\/biblioteka.bojszowy.pl\/home\/projekty\/mkidn\/partnerstwo-dla-ksiazki\/\">Partnerstwo dla ksi\u0105\u017cki<\/a><\/li><li><a href=\"https:\/\/biblioteka.bojszowy.pl\/home\/projekty\/mkidn\/zakup-nowosci-wydawniczych\/\">Zakup nowo\u015bci wydawniczych<\/a><\/li><\/ul><\/ul><\/div><\/div><\/div><\/div><\/div><div id=\"pg-gb357-69f4bd45108f9-2\"  class=\"panel-grid panel-no-style\" ><div id=\"pgc-gb357-69f4bd45108f9-2-0\"  class=\"panel-grid-cell\" ><div id=\"panel-gb357-69f4bd45108f9-2-0-0\" class=\"so-panel widget widget_text panel-first-child panel-last-child\" data-index=\"3\" ><h3 class=\"widget-title\">Partnerzy<\/h3>\t\t\t<div class=\"textwidget\"><p><!-- [dd-owl-carousel id=\"447\"] --><\/p>\n<\/div>\n\t\t<\/div><\/div><\/div><div id=\"pg-gb357-69f4bd45108f9-3\"  class=\"panel-grid panel-no-style\" ><div id=\"pgc-gb357-69f4bd45108f9-3-0\"  class=\"panel-grid-cell\" ><div id=\"panel-gb357-69f4bd45108f9-3-0-0\" class=\"so-panel widget widget_sow-image-grid panel-first-child panel-last-child\" data-index=\"4\" ><div\n\t\t\t\n\t\t\tclass=\"so-widget-sow-image-grid so-widget-sow-image-grid-default-0d1da0070fc5-45691\"\n\t\t\t\n\t\t>\t<div\n\t\tclass=\"sow-image-grid-wrapper\"\n\t\t\t\tdata-max-height=\"80\"\t>\n\t\t\t\t\t<div class=\"sow-image-grid-image\">\n\t\t\t\t\t\t\t\t\t\t\t\t\t<a href=\"https:\/\/www.gov.pl\/web\/kultura\"\n\t\t\t\t\t\t\t\t\t\t\t\t\t\t\t\t\t\ttarget=\"_blank\" \t\t\t\t\t\t\t\t\t\t\t\t\t\t\t\t\t\t\t\t\t\t\t\trel=\"noopener noreferrer\" \t\t\t\t\t\t\t\t\t\t\t>\n\t\t\t\t\t\t\t\t<img loading=\"lazy\" decoding=\"async\" width=\"150\" height=\"77\" src=\"https:\/\/biblioteka.bojszowy.pl\/wp-content\/uploads\/2024\/08\/MKiDN.png\" class=\"sow-image-grid-image_html\" alt=\"Ministerstwo Kultury i Dziedzictwa Narodowego Logo&quot;\" title=\"\" \/>\t\t\t\t\t\t\t\t\t<\/a>\n\t\t\t\t\t\t\t\t\t\t\t<\/div>\n\t\t\t\t\t<div class=\"sow-image-grid-image\">\n\t\t\t\t\t\t\t\t\t\t\t\t\t<a href=\"https:\/\/frsi.org.pl\/\"\n\t\t\t\t\t\t\t\t\t\t\t\t\t\t\t\t\t\ttarget=\"_blank\" \t\t\t\t\t\t\t\t\t\t\t\t\t\t\t\t\t\t\t\t\t\t\t\trel=\"noopener noreferrer\" \t\t\t\t\t\t\t\t\t\t\t>\n\t\t\t\t\t\t\t\t<img loading=\"lazy\" decoding=\"async\" width=\"150\" height=\"58\" src=\"https:\/\/biblioteka.bojszowy.pl\/wp-content\/uploads\/2024\/08\/logo-frsi.png\" class=\"sow-image-grid-image_html\" alt=\"FUNDACJA ROZWOJU SPO\u0141ECZE\u0143STWA INFORMACYJNEGO Logo&quot;\" title=\"\" \/>\t\t\t\t\t\t\t\t\t<\/a>\n\t\t\t\t\t\t\t\t\t\t\t<\/div>\n\t\t\t\t\t<div class=\"sow-image-grid-image\">\n\t\t\t\t\t\t\t\t\t\t\t\t\t<a href=\"https:\/\/frsi.org.pl\/projekt\/program-rozwoju-bibliotek\/\"\n\t\t\t\t\t\t\t\t\t\t\t\t\t\t\t\t\t\ttarget=\"_blank\" \t\t\t\t\t\t\t\t\t\t\t\t\t\t\t\t\t\t\t\t\t\t\t\trel=\"noopener noreferrer\" \t\t\t\t\t\t\t\t\t\t\t>\n\t\t\t\t\t\t\t\t<img loading=\"lazy\" decoding=\"async\" width=\"150\" height=\"57\" src=\"https:\/\/biblioteka.bojszowy.pl\/wp-content\/uploads\/2024\/08\/logo-prb.png\" class=\"sow-image-grid-image_html\" alt=\"Program rozwoju bibliotek Logo&quot;\" title=\"\" \/>\t\t\t\t\t\t\t\t\t<\/a>\n\t\t\t\t\t\t\t\t\t\t\t<\/div>\n\t\t\t\t\t<div class=\"sow-image-grid-image\">\n\t\t\t\t\t\t\t\t\t\t\t\t\t<a href=\"https:\/\/pafw.pl\/\"\n\t\t\t\t\t>\n\t\t\t\t\t\t\t\t<img loading=\"lazy\" decoding=\"async\" width=\"150\" height=\"34\" src=\"https:\/\/biblioteka.bojszowy.pl\/wp-content\/uploads\/2024\/08\/logo_PAFW.png\" class=\"sow-image-grid-image_html\" alt=\"Polsko-Ameryka\u0144ska Fundacja Wolno\u015bci Logo&quot;\" title=\"\" srcset=\"https:\/\/biblioteka.bojszowy.pl\/wp-content\/uploads\/2024\/08\/logo_PAFW.png 311w, https:\/\/biblioteka.bojszowy.pl\/wp-content\/uploads\/2024\/08\/logo_PAFW-300x70.png 300w\" sizes=\"auto, (max-width: 150px) 100vw, 150px\" \/>\t\t\t\t\t\t\t\t\t<\/a>\n\t\t\t\t\t\t\t\t\t\t\t<\/div>\n\t\t\t\t\t<div class=\"sow-image-grid-image\">\n\t\t\t\t\t\t\t\t\t\t\t\t\t<a href=\"https:\/\/www.bn.org.pl\/\"\n\t\t\t\t\t\t\t\t\t\t\t\t\t\t\t\t\t\ttarget=\"_blank\" \t\t\t\t\t\t\t\t\t\t\t\t\t\t\t\t\t\t\t\t\t\t\t\trel=\"noopener noreferrer\" \t\t\t\t\t\t\t\t\t\t\t>\n\t\t\t\t\t\t\t\t<img loading=\"lazy\" decoding=\"async\" width=\"150\" height=\"50\" src=\"https:\/\/biblioteka.bojszowy.pl\/wp-content\/uploads\/2024\/09\/Biblioteka-Narodowa-1-png.webp\" class=\"sow-image-grid-image_html\" alt=\"Biblioteka Narodowa Logo&quot;\" title=\"Biblioteka Narodowa-1\" srcset=\"https:\/\/biblioteka.bojszowy.pl\/wp-content\/uploads\/2024\/09\/Biblioteka-Narodowa-1-png.webp 776w, https:\/\/biblioteka.bojszowy.pl\/wp-content\/uploads\/2024\/09\/Biblioteka-Narodowa-1-300x101.webp 300w, https:\/\/biblioteka.bojszowy.pl\/wp-content\/uploads\/2024\/09\/Biblioteka-Narodowa-1-768x258.webp 768w\" sizes=\"auto, (max-width: 150px) 100vw, 150px\" \/>\t\t\t\t\t\t\t\t\t<\/a>\n\t\t\t\t\t\t\t\t\t\t\t<\/div>\n\t\t\t\t\t<div class=\"sow-image-grid-image\">\n\t\t\t\t\t\t\t\t\t\t\t\t\t<a href=\"https:\/\/www.gov.pl\/web\/nauka\/narodowy-program-rozwoju-czytelnictwa-20-edycja-2021-2025\"\n\t\t\t\t\t\t\t\t\t\t\t\t\t\t\t\t\t\ttarget=\"_blank\" \t\t\t\t\t\t\t\t\t\t\t\t\t\t\t\t\t\t\t\t\t\t\t\trel=\"noopener noreferrer\" \t\t\t\t\t\t\t\t\t\t\t>\n\t\t\t\t\t\t\t\t<img loading=\"lazy\" decoding=\"async\" width=\"150\" height=\"85\" src=\"https:\/\/biblioteka.bojszowy.pl\/wp-content\/uploads\/2024\/09\/Narodowy-Program-Rozwoju-Czytelnictwa-jpg.webp\" class=\"sow-image-grid-image_html\" alt=\"Narodowy Program Czytelnictwa Logo&quot;\" title=\"Narodowy Program Rozwoju Czytelnictwa\" srcset=\"https:\/\/biblioteka.bojszowy.pl\/wp-content\/uploads\/2024\/09\/Narodowy-Program-Rozwoju-Czytelnictwa-jpg.webp 1922w, https:\/\/biblioteka.bojszowy.pl\/wp-content\/uploads\/2024\/09\/Narodowy-Program-Rozwoju-Czytelnictwa-300x171.webp 300w, https:\/\/biblioteka.bojszowy.pl\/wp-content\/uploads\/2024\/09\/Narodowy-Program-Rozwoju-Czytelnictwa-1024x583.webp 1024w, https:\/\/biblioteka.bojszowy.pl\/wp-content\/uploads\/2024\/09\/Narodowy-Program-Rozwoju-Czytelnictwa-768x437.webp 768w, https:\/\/biblioteka.bojszowy.pl\/wp-content\/uploads\/2024\/09\/Narodowy-Program-Rozwoju-Czytelnictwa-1536x874.webp 1536w, https:\/\/biblioteka.bojszowy.pl\/wp-content\/uploads\/2024\/09\/Narodowy-Program-Rozwoju-Czytelnictwa-850x484.webp 850w\" sizes=\"auto, (max-width: 150px) 100vw, 150px\" \/>\t\t\t\t\t\t\t\t\t<\/a>\n\t\t\t\t\t\t\t\t\t\t\t<\/div>\n\t\t\t\t\t<div class=\"sow-image-grid-image\">\n\t\t\t\t\t\t\t\t\t\t\t\t\t<a href=\"https:\/\/www.bstychy.com.pl\/\"\n\t\t\t\t\t\t\t\t\t\t\t\t\t\t\t\t\t\ttarget=\"_blank\" \t\t\t\t\t\t\t\t\t\t\t\t\t\t\t\t\t\t\t\t\t\t\t\trel=\"noopener noreferrer\" \t\t\t\t\t\t\t\t\t\t\t>\n\t\t\t\t\t\t\t\t<img loading=\"lazy\" decoding=\"async\" width=\"150\" height=\"61\" src=\"https:\/\/biblioteka.bojszowy.pl\/wp-content\/uploads\/2024\/09\/BSTychy_Kontra-png.webp\" class=\"sow-image-grid-image_html\" alt=\"Bank Sp\u00f3\u0142dzielczy w Tychach Logo&quot;\" title=\"BSTychy_Kontra\" srcset=\"https:\/\/biblioteka.bojszowy.pl\/wp-content\/uploads\/2024\/09\/BSTychy_Kontra-png.webp 684w, https:\/\/biblioteka.bojszowy.pl\/wp-content\/uploads\/2024\/09\/BSTychy_Kontra-300x122.webp 300w\" sizes=\"auto, (max-width: 150px) 100vw, 150px\" \/>\t\t\t\t\t\t\t\t\t<\/a>\n\t\t\t\t\t\t\t\t\t\t\t<\/div>\n\t\t\t\t\t<div class=\"sow-image-grid-image\">\n\t\t\t\t\t\t\t\t\t\t\t\t\t<a href=\"https:\/\/www.instytutksiazki.pl\/pl\/\"\n\t\t\t\t\t\t\t\t\t\t\t\t\t\t\t\t\t\ttarget=\"_blank\" \t\t\t\t\t\t\t\t\t\t\t\t\t\t\t\t\t\t\t\t\t\t\t\trel=\"noopener noreferrer\" \t\t\t\t\t\t\t\t\t\t\t>\n\t\t\t\t\t\t\t\t<img loading=\"lazy\" decoding=\"async\" width=\"138\" height=\"150\" src=\"https:\/\/biblioteka.bojszowy.pl\/wp-content\/uploads\/2024\/09\/INSTYTUT-KSIAZKI-jpg.webp\" class=\"sow-image-grid-image_html\" alt=\"Instytut Ksi\u0105\u017cki Logo&quot;\" title=\"INSTYTUT KSIA\u0328Z\u0307KI\" srcset=\"https:\/\/biblioteka.bojszowy.pl\/wp-content\/uploads\/2024\/09\/INSTYTUT-KSIAZKI-jpg.webp 881w, https:\/\/biblioteka.bojszowy.pl\/wp-content\/uploads\/2024\/09\/INSTYTUT-KSIAZKI-275x300.webp 275w, https:\/\/biblioteka.bojszowy.pl\/wp-content\/uploads\/2024\/09\/INSTYTUT-KSIAZKI-768x837.webp 768w, https:\/\/biblioteka.bojszowy.pl\/wp-content\/uploads\/2024\/09\/INSTYTUT-KSIAZKI-300x327.webp 300w, https:\/\/biblioteka.bojszowy.pl\/wp-content\/uploads\/2024\/09\/INSTYTUT-KSIAZKI-850x926.webp 850w\" sizes=\"auto, (max-width: 138px) 100vw, 138px\" \/>\t\t\t\t\t\t\t\t\t<\/a>\n\t\t\t\t\t\t\t\t\t\t\t<\/div>\n\t\t\t\t\t<div class=\"sow-image-grid-image\">\n\t\t\t\t\t\t\t\t\t\t\t\t\t<a href=\"https:\/\/www.nck.pl\/\"\n\t\t\t\t\t\t\t\t\t\t\t\t\t\t\t\t\t\ttarget=\"_blank\" \t\t\t\t\t\t\t\t\t\t\t\t\t\t\t\t\t\t\t\t\t\t\t\trel=\"noopener noreferrer\" \t\t\t\t\t\t\t\t\t\t\t>\n\t\t\t\t\t\t\t\t<img loading=\"lazy\" decoding=\"async\" width=\"150\" height=\"86\" src=\"https:\/\/biblioteka.bojszowy.pl\/wp-content\/uploads\/2024\/09\/narodowe-centrum-kultury-2013487727-png.webp\" class=\"sow-image-grid-image_html\" alt=\"Narodowe Centrum Kultury Logo&quot;\" title=\"narodowe-centrum-kultury-2013487727\" srcset=\"https:\/\/biblioteka.bojszowy.pl\/wp-content\/uploads\/2024\/09\/narodowe-centrum-kultury-2013487727-png.webp 1490w, https:\/\/biblioteka.bojszowy.pl\/wp-content\/uploads\/2024\/09\/narodowe-centrum-kultury-2013487727-300x172.webp 300w, https:\/\/biblioteka.bojszowy.pl\/wp-content\/uploads\/2024\/09\/narodowe-centrum-kultury-2013487727-1024x588.webp 1024w, https:\/\/biblioteka.bojszowy.pl\/wp-content\/uploads\/2024\/09\/narodowe-centrum-kultury-2013487727-768x441.webp 768w, https:\/\/biblioteka.bojszowy.pl\/wp-content\/uploads\/2024\/09\/narodowe-centrum-kultury-2013487727-850x488.webp 850w\" sizes=\"auto, (max-width: 150px) 100vw, 150px\" \/>\t\t\t\t\t\t\t\t\t<\/a>\n\t\t\t\t\t\t\t\t\t\t\t<\/div>\n\t\t\t<\/div>\n<\/div><\/div><\/div><\/div><\/div>\n\n\n<p><\/p>\n","protected":false},"excerpt":{"rendered":"","protected":false},"author":1,"featured_media":0,"parent":0,"menu_order":0,"comment_status":"closed","ping_status":"closed","template":"","meta":{"_monsterinsights_skip_tracking":false,"_monsterinsights_sitenote_active":false,"_monsterinsights_sitenote_note":"","_monsterinsights_sitenote_category":0,"footnotes":""},"class_list":["post-357","page","type-page","status-publish","hentry"],"_links":{"self":[{"href":"https:\/\/biblioteka.bojszowy.pl\/home\/wp-json\/wp\/v2\/pages\/357","targetHints":{"allow":["GET"]}}],"collection":[{"href":"https:\/\/biblioteka.bojszowy.pl\/home\/wp-json\/wp\/v2\/pages"}],"about":[{"href":"https:\/\/biblioteka.bojszowy.pl\/home\/wp-json\/wp\/v2\/types\/page"}],"author":[{"embeddable":true,"href":"https:\/\/biblioteka.bojszowy.pl\/home\/wp-json\/wp\/v2\/users\/1"}],"replies":[{"embeddable":true,"href":"https:\/\/biblioteka.bojszowy.pl\/home\/wp-json\/wp\/v2\/comments?post=357"}],"version-history":[{"count":91,"href":"https:\/\/biblioteka.bojszowy.pl\/home\/wp-json\/wp\/v2\/pages\/357\/revisions"}],"predecessor-version":[{"id":40064,"href":"https:\/\/biblioteka.bojszowy.pl\/home\/wp-json\/wp\/v2\/pages\/357\/revisions\/40064"}],"wp:attachment":[{"href":"https:\/\/biblioteka.bojszowy.pl\/home\/wp-json\/wp\/v2\/media?parent=357"}],"curies":[{"name":"wp","href":"https:\/\/api.w.org\/{rel}","templated":true}]}}