{"id":37614,"date":"2024-09-30T11:04:35","date_gmt":"2024-09-30T09:04:35","guid":{"rendered":"https:\/\/biblioteka.bojszowy.pl\/?page_id=37614"},"modified":"2024-09-30T11:04:35","modified_gmt":"2024-09-30T09:04:35","slug":"misja","status":"publish","type":"page","link":"https:\/\/biblioteka.bojszowy.pl\/home\/biblioteka\/misja\/","title":{"rendered":"Misja"},"content":{"rendered":"\n<p><strong>Misja<\/strong> Istniejemy po to, by kultywuj\u0105c tradycje regionu oraz wykorzystuj\u0105c nowoczesne technologie, s\u0142u\u017cy\u0107 rozwojowi lokalnej spo\u0142eczno\u015bci, poprzez udost\u0119pnianie informacji i zaspokajanie potrzeb edukacyjnych i kulturalnych mieszka\u0144c\u00f3w oraz stwarzanie warunk\u00f3w do integracji i wsp\u00f3\u0142pracy. Wizja Gminna Biblioteka Publiczna w Bojszowach to ciesz\u0105ce si\u0119 spo\u0142ecznym zaufaniem miejsce umo\u017cliwiaj\u0105ce pozyskiwanie informacji, zaspokajanie potrzeb edukacyjnych i kulturalnych oraz samorealizacj\u0119 i wsp\u00f3\u0142prac\u0119.<br><strong>Wizja<\/strong> Gminna Biblioteka Publiczna w Bojszowach to ciesz\u0105ce si\u0119 spo\u0142ecznym zaufaniem miejsce umo\u017cliwiaj\u0105ce pozyskiwanie informacji, zaspokajanie potrzeb edukacyjnych i kulturalnych oraz samorealizacj\u0119 i wsp\u00f3\u0142prac\u0119.<\/p>\n","protected":false},"excerpt":{"rendered":"<p>Misja Istniejemy po to, by kultywuj\u0105c tradycje regionu oraz wykorzystuj\u0105c nowoczesne technologie, s\u0142u\u017cy\u0107 rozwojowi lokalnej spo\u0142eczno\u015bci, poprzez udost\u0119pnianie informacji i zaspokajanie potrzeb edukacyjnych i kulturalnych mieszka\u0144c\u00f3w oraz stwarzanie warunk\u00f3w do integracji i wsp\u00f3\u0142pracy. Wizja Gminna Biblioteka Publiczna w Bojszowach to ciesz\u0105ce si\u0119 spo\u0142ecznym zaufaniem miejsce umo\u017cliwiaj\u0105ce pozyskiwanie informacji, zaspokajanie potrzeb edukacyjnych i kulturalnych oraz samorealizacj\u0119&#8230;<\/p>\n","protected":false},"author":1,"featured_media":0,"parent":269,"menu_order":0,"comment_status":"closed","ping_status":"closed","template":"","meta":{"_monsterinsights_skip_tracking":false,"_monsterinsights_sitenote_active":false,"_monsterinsights_sitenote_note":"","_monsterinsights_sitenote_category":0,"footnotes":""},"class_list":["post-37614","page","type-page","status-publish","hentry"],"_links":{"self":[{"href":"https:\/\/biblioteka.bojszowy.pl\/home\/wp-json\/wp\/v2\/pages\/37614","targetHints":{"allow":["GET"]}}],"collection":[{"href":"https:\/\/biblioteka.bojszowy.pl\/home\/wp-json\/wp\/v2\/pages"}],"about":[{"href":"https:\/\/biblioteka.bojszowy.pl\/home\/wp-json\/wp\/v2\/types\/page"}],"author":[{"embeddable":true,"href":"https:\/\/biblioteka.bojszowy.pl\/home\/wp-json\/wp\/v2\/users\/1"}],"replies":[{"embeddable":true,"href":"https:\/\/biblioteka.bojszowy.pl\/home\/wp-json\/wp\/v2\/comments?post=37614"}],"version-history":[{"count":1,"href":"https:\/\/biblioteka.bojszowy.pl\/home\/wp-json\/wp\/v2\/pages\/37614\/revisions"}],"predecessor-version":[{"id":37615,"href":"https:\/\/biblioteka.bojszowy.pl\/home\/wp-json\/wp\/v2\/pages\/37614\/revisions\/37615"}],"up":[{"embeddable":true,"href":"https:\/\/biblioteka.bojszowy.pl\/home\/wp-json\/wp\/v2\/pages\/269"}],"wp:attachment":[{"href":"https:\/\/biblioteka.bojszowy.pl\/home\/wp-json\/wp\/v2\/media?parent=37614"}],"curies":[{"name":"wp","href":"https:\/\/api.w.org\/{rel}","templated":true}]}}