{"id":37617,"date":"2024-09-30T11:06:15","date_gmt":"2024-09-30T09:06:15","guid":{"rendered":"https:\/\/biblioteka.bojszowy.pl\/?page_id=37617"},"modified":"2024-09-30T11:06:15","modified_gmt":"2024-09-30T09:06:15","slug":"rys-historyczny","status":"publish","type":"page","link":"https:\/\/biblioteka.bojszowy.pl\/home\/biblioteka\/rys-historyczny\/","title":{"rendered":"Rys historyczny"},"content":{"rendered":"\n<p>Historia Gminnej Biblioteki Publicznej w Bojszowach<\/p>\n\n\n\n<p>Czytelnictwo w Bojszowach ma d\u0142ug\u0105 i chlubn\u0105 histori\u0119. Ju\u017c w po\u0142owie XIX w. czytano we wsi kalendarze i broszury, przywiezione z Piekar od ks. Alojzego Ficka. W 1885r. \u017ar\u00f3d\u0142o podaje, \u017ce w Bojszowach jest 12 prenumerator\u00f3w \u201eKatolika\u201d \u2013 poczytnej gazety wydawanej przez Karola Miarki w Miko\u0142owie. W 1908r. znany dzia\u0142acz narodowy Jan J\u0119czmyk za\u0142o\u017cy\u0142 we wsi Ko\u0142o Towarzystwa Czytelni Ludowych. Prowadzi\u0142 bibliotek\u0119, wypo\u017cyczaj\u0105c ksi\u0105\u017cki mieszka\u0144com Bojsz\u00f3w i okolicznych miejscowo\u015bci.<\/p>\n\n\n\n<p>W okresie przedplebiscytowym czytelnictwo gazet i ksi\u0105\u017cek wzros\u0142o. Jakim\u015b potwierdzeniem tego by\u0142y wyniki plebiscytu, kt\u00f3ry odby\u0142 si\u0119 w Niedziel\u0119 Palmow\u0105 20 marca 1921r. Na 887 g\u0142osuj\u0105cych 803 opowiedzia\u0142o si\u0119 za Polsk\u0105. W okresie mi\u0119dzywojennym kwit\u0142o czytelnictwo prasy katolickiej. Gazety kolportowa\u0142 ks. J\u00f3zef Grycman. Rozprowadzaniem gazet i poradnik\u00f3w gospodarskich zajmowa\u0142 si\u0119 Franciszek Rogalski.<\/p>\n\n\n\n<p>Powsta\u0142a pierwsza biblioteka szkolna prowadzona przez kierownika Alfonsa Ryszki. Zal\u0105\u017cki Biblioteki Publicznej powstaj\u0105 w 1946 roku. Tworzy j\u0105 Jadwiga Hachu\u0142a. Pierwszy punkt biblioteczny znajdowa\u0142 sie u \u201eRogra\u201d \u2013 dzi\u015b przedszkole. Pierwsza ksi\u0105\u017cka wspisana do ksiegi inwentarzowej w 1950 roku to \u201eStada na dogach\u201d \u2013 Awdiejewa. najstarsza ksi\u0105\u017cka zapisana do ksiegi inwentarzowej pod numerem 4 to \u201eRodzina Mianowskich\u201d \u2013 W\u0142adys\u0142awa Kowalskiego, zachowana do dzi\u015b. W 1950 roku bibliotek\u0119 przeniesiono do pomieszczenia prywatnego Jana \u017bo\u0142ny na Chmielniku. Plac\u00f3wk\u0119 prowadzi\u0142a Helena Matkowska. Po niej przejmuje bibliotek\u0119 Jadwiga Wr\u00f3bel \u2013 obecnie Soblik. Prowadzi ona 5 punkt\u00f3w bibliotecznych. W zwi\u0105zku z oddaniem do u\u017cytku nowej szko\u0142y w 1956 roku, ksi\u0119gozbi\u00f3r biblioteki przeniesiono do budznku starej szko\u0142y \u2013 obecnie Urzad Gminy. Kierownictwo biblioteki obj\u0119\u0142a Marta Gondzik, pe\u0142ni\u0105c t\u0119 funkcj\u0119 a\u017c do 1991 roku. W 1956 roku powstaje Biblioteka Publiczna w Bojszowach.<\/p>\n\n\n\n<p>Po kolejnej reformie administracji pa\u0144stwowej w 1972 roku powsta\u0142a Gmina Bojszowy. Bibliotek\u0119 przeniesiono do stra\u017cnicy OSP w Bojszowach. W 1977 r. Bojszowy zostaj\u0105 przy\u0142\u0105czone od Tych\u00f3w Biblioteka sta\u0142a sie fili\u0105 nr 18 Miejskiej Biblioteki Publicznej w Tychach. Ksiegozbi\u00f3r wr\u00f3ci\u0142 do budynku starej szko\u0142y \u2013 obecnie Gminy.<\/p>\n\n\n\n<p>W 1991 roku odrodzi\u0142a si\u0119 Gmina Bojszowy. W zwi\u0105zku z modernizacj\u0105 starej szko\u0142y na Urz\u0105d Gminy, biblioteka zostaje przeniesiona po raz kolejny, tym razem do O\u015brodka Katechetycznego przy probostwie. Bibliotekarzem zostaje Urszula Urba\u0144czyk, prowadz\u0105c bibliotek\u0119 w Bojszowach oraz fili\u0119 w Nowych Bojszowach. Po przej\u015bciu Urszuli Urba\u0144czyk na urlop wychowawczy w 1993r. Bibliotek\u0119 przejmuje Aniela Niemiec a fili\u0119 Krystyna Bednorz.<\/p>\n\n\n\n<p>W dniach 12 -29 kwietnia ma miejsce zmiana lokalu Filii w Bojszowach Nowych. Dzi\u0119ki przychylno\u015bci \u00f3wczesnego Przewodnicz\u0105cego Rady Gminy a obecnego W\u00f3jta pana Henryka Utraty biblioteka otrzymuje pomieszczenie w nowobudowanym budynku OSP. W 1993 r. og\u0142oszono apel do mieszka\u0144c\u00f3w gminy pod has\u0142em \u201eBiblioteka potrzebuje ksi\u0105\u017cek\u201d wystosowany przez Przewodnicz\u0105cego Rady Kultury \u2013 Alojzego Lysko i bibliotekarki. W kwietniu 1994 r. biblioteka bojszowska zostaje przeniesiona do domu sportowca. W 1995 r. w GBP w Bojszowach odby\u0142o si\u0119 spotkanie z najaktywniejszymi czytelnikami z ca\u0142ej gminy. Od lipca 1996 r. Filia w Bojszowach Nowych czynna jest w pe\u0142nym wymiarze czasu. Prowadzenie biblioteki przej\u0119\u0142a Hanna Bednorz-obecnie Mika. 22 pa\u017adziernika 1996 r. \u015bwi\u0119towali\u015bmy 45 i 40 lecie bibliotek na sali OSP Bojszowy Nowe. W maju 2000 r. stanowisko kierownika GBP powierzono Hannie Mika. We wrze\u015bniu w Mi\u0119dzyrzeczu otworzono punkt biblioteczny w budynku SP, kt\u00f3ry prowadzi\u0142a pani Urszula Urba\u0144czyk a od 2001 prowadzi go pani Beata Bednorz. W maju 2001 roku \u015bwi\u0119towali\u015bmy 50 i 45 lecie bibliotek na sali OSP Bojszowy.<\/p>\n\n\n\n<p>W 2004 r. w my\u015bl ustawy o organizowaniu i prowadzeniu dzia\u0142alno\u015bci kulturalnej przekszta\u0142cono GBP w Bojszowach w instytucj\u0119 kultury. Odt\u0105d biblioteka sta\u0142a si\u0119 samodzieln\u0105 jednostk\u0105, kt\u00f3rej organizatorem w dalszym ci\u0105gu jest Urz\u0105d Gminy. Biblioteka nie zmieni\u0142a kierunku swojej dzia\u0142alno\u015bci, ale go poszerzy\u0142a. Od 1 lutego 2004 r. funkcj\u0119 dyrektora GBP obj\u0119\u0142a pani Izabela Wr\u00f3bel \u2013 obecnie Pi\u0119tka.<\/p>\n","protected":false},"excerpt":{"rendered":"<p>Historia Gminnej Biblioteki Publicznej w Bojszowach Czytelnictwo w Bojszowach ma d\u0142ug\u0105 i chlubn\u0105 histori\u0119. Ju\u017c w po\u0142owie XIX w. czytano we wsi kalendarze i broszury, przywiezione z Piekar od ks. Alojzego Ficka. W 1885r. \u017ar\u00f3d\u0142o podaje, \u017ce w Bojszowach jest 12 prenumerator\u00f3w \u201eKatolika\u201d \u2013 poczytnej gazety wydawanej przez Karola Miarki w Miko\u0142owie. W 1908r. znany&#8230;<\/p>\n","protected":false},"author":1,"featured_media":0,"parent":269,"menu_order":0,"comment_status":"closed","ping_status":"closed","template":"","meta":{"_monsterinsights_skip_tracking":false,"_monsterinsights_sitenote_active":false,"_monsterinsights_sitenote_note":"","_monsterinsights_sitenote_category":0,"footnotes":""},"class_list":["post-37617","page","type-page","status-publish","hentry"],"_links":{"self":[{"href":"https:\/\/biblioteka.bojszowy.pl\/home\/wp-json\/wp\/v2\/pages\/37617","targetHints":{"allow":["GET"]}}],"collection":[{"href":"https:\/\/biblioteka.bojszowy.pl\/home\/wp-json\/wp\/v2\/pages"}],"about":[{"href":"https:\/\/biblioteka.bojszowy.pl\/home\/wp-json\/wp\/v2\/types\/page"}],"author":[{"embeddable":true,"href":"https:\/\/biblioteka.bojszowy.pl\/home\/wp-json\/wp\/v2\/users\/1"}],"replies":[{"embeddable":true,"href":"https:\/\/biblioteka.bojszowy.pl\/home\/wp-json\/wp\/v2\/comments?post=37617"}],"version-history":[{"count":1,"href":"https:\/\/biblioteka.bojszowy.pl\/home\/wp-json\/wp\/v2\/pages\/37617\/revisions"}],"predecessor-version":[{"id":37618,"href":"https:\/\/biblioteka.bojszowy.pl\/home\/wp-json\/wp\/v2\/pages\/37617\/revisions\/37618"}],"up":[{"embeddable":true,"href":"https:\/\/biblioteka.bojszowy.pl\/home\/wp-json\/wp\/v2\/pages\/269"}],"wp:attachment":[{"href":"https:\/\/biblioteka.bojszowy.pl\/home\/wp-json\/wp\/v2\/media?parent=37617"}],"curies":[{"name":"wp","href":"https:\/\/api.w.org\/{rel}","templated":true}]}}