{"id":37632,"date":"2024-09-30T11:52:00","date_gmt":"2024-09-30T09:52:00","guid":{"rendered":"https:\/\/biblioteka.bojszowy.pl\/?page_id=37632"},"modified":"2025-01-17T08:57:29","modified_gmt":"2025-01-17T07:57:29","slug":"deklaracja-dostepnosci","status":"publish","type":"page","link":"https:\/\/biblioteka.bojszowy.pl\/home\/biblioteka\/deklaracja-dostepnosci\/","title":{"rendered":"Deklaracja dost\u0119pno\u015bci"},"content":{"rendered":"\n<p>DEKLARACJA DOST\u0118PNO\u015aCI GMINNEJ BIBLIOTEKI PUBLICZNEJ W BOJSZOWACH.<\/p>\n\n\n\n<p>Gminna Biblioteka Publiczna w Bojszowach&nbsp;zobowi\u0105zuje si\u0119 zapewni\u0107 dost\u0119pno\u015b\u0107 swojej strony internetowej zgodnie z przepisami ustawy z dnia 4 kwietnia 2019 r. o dost\u0119pno\u015bci cyfrowej stron internetowych i aplikacji mobilnych podmiot\u00f3w publicznych. O\u015bwiadczenie w sprawie dost\u0119pno\u015bci ma zastosowanie do&nbsp;strony internetowej Gminnej Biblioteki Publicznej w Bojszowach www.biblioteka.zdi24.pl<\/p>\n\n\n\n<p>Strona internetowa jest cz\u0119\u015bciowo zgodna z ustaw\u0105 z dnia 4 kwietnia 2019 r. o dost\u0119pno\u015bci cyfrowej stron internetowych i aplikacji mobilnych podmiot\u00f3w publicznych z powodu niezgodno\u015bci lub wy\u0142\u0105cze\u0144 wymienionych poni\u017cej.<\/p>\n\n\n\n<p>Mog\u0105 zdarzy\u0107 si\u0119 sytuacje, \u017ce \u2013 pomimo stara\u0144 redaktor\u00f3w serwisu \u2013 pewne dokumenty opublikowane na stronie s\u0105 niedost\u0119pne, poniewa\u017c:.<\/p>\n\n\n\n<p>\u2013 tre\u015bci pochodz\u0105 z r\u00f3\u017cnych \u017ar\u00f3de\u0142.<\/p>\n\n\n\n<p>\u2013 opublikowane zosta\u0142y w oparciu o zasady przyj\u0119te w innej instytucji.<\/p>\n\n\n\n<p>\u2013 niekt\u00f3re materia\u0142y graficzne (zdj\u0119cia) nie maj\u0105 w pe\u0142ni dok\u0142adnych opis\u00f3w.<\/p>\n\n\n\n<p>\u2013 niekt\u00f3re materia\u0142y tekstowe nie maj\u0105 prawid\u0142owej hierarchii nag\u0142\u00f3wk\u00f3w.<\/p>\n\n\n\n<p>\u2013 filmy nie posiadaj\u0105 napis\u00f3w dla os\u00f3b nies\u0142ysz\u0105cych ani t\u0142umaczenia na j\u0119zyk migowy.<\/p>\n\n\n\n<p>&nbsp;Poprawienie dost\u0119pno\u015bci strony nios\u0142oby za sob\u0105 nadmierne obci\u0105\u017cenia dla podmiotu publicznego.<\/p>\n\n\n\n<p>DATA SPORZ\u0104DZENIA DEKLARACJI<\/p>\n\n\n\n<p>O\u015bwiadczenie sporz\u0105dzono dnia:&nbsp;2021-03-31.<\/p>\n\n\n\n<p>Deklaracj\u0119 sporz\u0105dzono na podstawie samooceny przeprowadzonej przez podmiot publiczny.<\/p>\n\n\n\n<p>SKR\u00d3TY KLAWIATUROWE<\/p>\n\n\n\n<p>Na stronie internetowej mo\u017cna u\u017cywa\u0107 standardowych skr\u00f3t\u00f3w klawiaturowych.<\/p>\n\n\n\n<p>INFORMACJE ZWROTNE I DANE KONTAKTOWE<\/p>\n\n\n\n<p>W przypadku problem\u00f3w z dost\u0119pno\u015bci\u0105 strony internetowej prosimy o kontakt.<\/p>\n\n\n\n<p>Osob\u0105 kontaktow\u0105 jest\u00a0Izabela Pi\u0119tka,\u00a0kontakt@biblioteka.bojszowy.pl<\/p>\n\n\n\n<p>Kontaktowa\u0107 mo\u017cna si\u0119 tak\u017ce dzwoni\u0105c na numer telefonu&nbsp;32&nbsp;218 91 07. T\u0105 sam\u0105 drog\u0105 mo\u017cna sk\u0142ada\u0107 wnioski o udost\u0119pnienie informacji niedost\u0119pnej oraz sk\u0142ada\u0107 skargi na brak zapewnienia dost\u0119pno\u015bci.<\/p>\n\n\n\n<p>DOST\u0118PNO\u015a\u0106 ARCHITEKTONICZNA<\/p>\n\n\n\n<p>Budynek Gminnej Biblioteki Publicznej w Bojszowach, po\u0142o\u017cony przy ul. Go\u015bcinnej 6.<\/p>\n\n\n\n<p>Dost\u0119pno\u015b\u0107 wej\u015bcia do budynku<\/p>\n\n\n\n<p>Wej\u015bcie od strony drogi g\u0142\u00f3wnej znajduje si\u0119 na parterze, nie wymaga podjazdu. Wej\u015bcie do budynku nie jest wyposa\u017cone w systemy naprowadzania g\u0142osowego dla os\u00f3b niewidz\u0105cych lub s\u0142abowidz\u0105cych. Budynek biblioteki jest pi\u0119trowy, do wypo\u017cyczalni prowadz\u0105 schody oraz winda. Dla os\u00f3b z dysfunkcj\u0105 ruchu wszystkie pomieszczenia s\u0105 dost\u0119pne.<\/p>\n\n\n\n<p>Dost\u0119pno\u015b\u0107 korytarzy, schod\u00f3w i wind<\/p>\n\n\n\n<p>W budynku jest winda, toaleta dla os\u00f3b niepe\u0142nosprawnych. Brak informacji dotykowej\/g\u0142osowej o rozk\u0142adzie pomieszcze\u0144. W budynku nie zastosowano urz\u0105dze\u0144 i innych \u015brodk\u00f3w technicznych do obs\u0142ugi os\u00f3b s\u0142abos\u0142ysz\u0105cych. Brak oznacze\u0144 w alfabecie Braille\u2019a ani oznacze\u0144 kontrastowych lub w druku powi\u0119kszonym dla os\u00f3b niewidomych i s\u0142abowidz\u0105cych. Brak udogodnie\u0144 w postaci p\u0119tli indukcyjnej wspomagaj\u0105cej ods\u0142uch przez osoby s\u0142abos\u0142ysz\u0105ce.<\/p>\n\n\n\n<p>Miejsca parkingowe wyznaczone dla os\u00f3b niepe\u0142nosprawnych<\/p>\n\n\n\n<p>W pobli\u017cu budynku znajduje si\u0119 parking z miejscami parkingowymi og\u00f3lnodost\u0119pnymi. W okolicy brak oznakowanego miejsca parkingowego dla os\u00f3b niepe\u0142nosprawnych.<\/p>\n\n\n\n<p>Wst\u0119p z psem asystuj\u0105cym<\/p>\n\n\n\n<p>Do budynku i wszystkich jego pomieszcze\u0144 mo\u017cna wej\u015b\u0107 z psem asystuj\u0105cym i psem przewodnikiem.<\/p>\n\n\n\n<p>Us\u0142uga t\u0142umacza migowego<\/p>\n\n\n\n<p>Istnieje mo\u017cliwo\u015b\u0107 skorzystania z t\u0142umacza j\u0119zyka migowego na miejscu. Us\u0142uga ta realizowana jest na wniosek, klient musi poinformowa\u0107 Gminn\u0105 Bibliotek\u0119 Publiczn\u0105 w Bojszowach przynajmniej 3 dni robocze przed planowan\u0105 wizyt\u0105.<\/p>\n\n\n\n<p>Dodatkowe<\/p>\n\n\n\n<p>W wypo\u017cyczalni udost\u0119pnione s\u0105 audiobooki, z kt\u00f3rych mog\u0105 korzysta\u0107 osoby z dysfunkcj\u0105 wzroku. Bibliotekarze pomagaj\u0105 r\u00f3wnie\u017c w wyborze ksi\u0105\u017cek z wi\u0119ksz\u0105 czcionk\u0105.<\/p>\n\n\n\n<p>FILIA NR 1 W BOJSZOWACH NOWYCH<\/p>\n\n\n\n<p>Biblioteka mie\u015bci si\u0119 na II pi\u0119trze w budynku Ochotniczej Stra\u017cy Po\u017carnej w Bojszowach Nowych, przy ul. Ruchu Oporu 100.<\/p>\n\n\n\n<p>Dost\u0119pno\u015b\u0107 wej\u015bcia do biblioteki<\/p>\n\n\n\n<p>Do wej\u015bcia nale\u017cy podej\u015b\u0107 od g\u0142\u00f3wnego wej\u015bcia budynku, kieruj\u0105c si\u0119 schodami do g\u00f3ry, na drugie pi\u0119tro.. Wej\u015bcie nie jest zabezpieczone bramkami. Wej\u015bcie nie jest dostosowane jest dla os\u00f3b niepe\u0142nosprawnych z dysfunkcj\u0105 ruchu. Brak windy. Wej\u015bcie do budynku nie jest wyposa\u017cone w systemy naprowadzania g\u0142osowego dla os\u00f3b niewidz\u0105cych lub s\u0142abowidz\u0105cych.<\/p>\n\n\n\n<p>Dost\u0119pno\u015b\u0107 korytarzy, schod\u00f3w i wind<\/p>\n\n\n\n<p>Korytarze, schody nie s\u0105 przystosowane dla os\u00f3b niepe\u0142nosprawnych ruchowo. Toaleta nie jest przystosowana dla os\u00f3b niepe\u0142nosprawnych ruchowo. Brak informacji wizualnej\/dotykowej\/g\u0142osowej o rozk\u0142adzie pomieszcze\u0144. Brak oznacze\u0144 w alfabecie Braille\u2019a ani oznacze\u0144 kontrastowych lub w druku powi\u0119kszonym dla os\u00f3b niewidomych i s\u0142abowidz\u0105cych. Brak udogodnie\u0144 w postaci p\u0119tli indukcyjnej wspomagaj\u0105cej ods\u0142uch przez osoby s\u0142abos\u0142ysz\u0105ce.<\/p>\n\n\n\n<p>Miejsca parkingowe wyznaczone dla os\u00f3b niepe\u0142nosprawnych<\/p>\n\n\n\n<p>Bezpo\u015brednio przy budynku znajduje si\u0119 parking z miejscami parkingowymi og\u00f3lnodost\u0119pnymi. W okolicy brak oznakowanego miejsca parkingowego dla os\u00f3b niepe\u0142nosprawnych.<\/p>\n\n\n\n<p>Wst\u0119p z psem asystuj\u0105cym<\/p>\n\n\n\n<p>Do budynku i wszystkich jego pomieszcze\u0144 mo\u017cna wej\u015b\u0107 z psem asystuj\u0105cym i psem przewodnikiem.<\/p>\n\n\n\n<p>Us\u0142uga t\u0142umacza migowego<\/p>\n\n\n\n<p>Istnieje mo\u017cliwo\u015b\u0107 skorzystania z t\u0142umacza j\u0119zyka migowego na miejscu. Us\u0142uga ta realizowana jest na wniosek, klient musi poinformowa\u0107 Gminn\u0105 Bibliotek\u0119 Publiczn\u0105 w Godowie przynajmniej 3 dni robocze przed planowan\u0105 wizyt\u0105.<\/p>\n","protected":false},"excerpt":{"rendered":"<p>DEKLARACJA DOST\u0118PNO\u015aCI GMINNEJ BIBLIOTEKI PUBLICZNEJ W BOJSZOWACH. Gminna Biblioteka Publiczna w Bojszowach&nbsp;zobowi\u0105zuje si\u0119 zapewni\u0107 dost\u0119pno\u015b\u0107 swojej strony internetowej zgodnie z przepisami ustawy z dnia 4 kwietnia 2019 r. o dost\u0119pno\u015bci cyfrowej stron internetowych i aplikacji mobilnych podmiot\u00f3w publicznych. O\u015bwiadczenie w sprawie dost\u0119pno\u015bci ma zastosowanie do&nbsp;strony internetowej Gminnej Biblioteki Publicznej w Bojszowach www.biblioteka.zdi24.pl Strona internetowa jest&#8230;<\/p>\n","protected":false},"author":1,"featured_media":0,"parent":269,"menu_order":0,"comment_status":"closed","ping_status":"closed","template":"","meta":{"_monsterinsights_skip_tracking":false,"_monsterinsights_sitenote_active":false,"_monsterinsights_sitenote_note":"","_monsterinsights_sitenote_category":0,"footnotes":""},"class_list":["post-37632","page","type-page","status-publish","hentry"],"_links":{"self":[{"href":"https:\/\/biblioteka.bojszowy.pl\/home\/wp-json\/wp\/v2\/pages\/37632","targetHints":{"allow":["GET"]}}],"collection":[{"href":"https:\/\/biblioteka.bojszowy.pl\/home\/wp-json\/wp\/v2\/pages"}],"about":[{"href":"https:\/\/biblioteka.bojszowy.pl\/home\/wp-json\/wp\/v2\/types\/page"}],"author":[{"embeddable":true,"href":"https:\/\/biblioteka.bojszowy.pl\/home\/wp-json\/wp\/v2\/users\/1"}],"replies":[{"embeddable":true,"href":"https:\/\/biblioteka.bojszowy.pl\/home\/wp-json\/wp\/v2\/comments?post=37632"}],"version-history":[{"count":2,"href":"https:\/\/biblioteka.bojszowy.pl\/home\/wp-json\/wp\/v2\/pages\/37632\/revisions"}],"predecessor-version":[{"id":40842,"href":"https:\/\/biblioteka.bojszowy.pl\/home\/wp-json\/wp\/v2\/pages\/37632\/revisions\/40842"}],"up":[{"embeddable":true,"href":"https:\/\/biblioteka.bojszowy.pl\/home\/wp-json\/wp\/v2\/pages\/269"}],"wp:attachment":[{"href":"https:\/\/biblioteka.bojszowy.pl\/home\/wp-json\/wp\/v2\/media?parent=37632"}],"curies":[{"name":"wp","href":"https:\/\/api.w.org\/{rel}","templated":true}]}}