{"id":40618,"date":"2024-10-18T09:52:37","date_gmt":"2024-10-18T07:52:37","guid":{"rendered":"https:\/\/biblioteka.bojszowy.pl\/home\/?page_id=40618"},"modified":"2024-12-30T13:18:36","modified_gmt":"2024-12-30T12:18:36","slug":"2024-2","status":"publish","type":"page","link":"https:\/\/biblioteka.bojszowy.pl\/home\/projekty\/mkidn\/partnerstwo-dla-ksiazki\/2024-2\/","title":{"rendered":"2024"},"content":{"rendered":"\n<figure class=\"wp-block-gallery has-nested-images columns-default is-cropped wp-block-gallery-2 is-layout-flex wp-block-gallery-is-layout-flex\">\n<figure class=\"wp-block-image size-large wp-duotone-unset-1\"><img loading=\"lazy\" decoding=\"async\" width=\"819\" height=\"150\" data-id=\"40623\" src=\"https:\/\/biblioteka.bojszowy.pl\/wp-content\/uploads\/2024\/11\/1111111.png\" alt=\"\" class=\"wp-image-40623\" srcset=\"https:\/\/biblioteka.bojszowy.pl\/wp-content\/uploads\/2024\/11\/1111111.png 819w, https:\/\/biblioteka.bojszowy.pl\/wp-content\/uploads\/2024\/11\/1111111-300x55.png 300w, https:\/\/biblioteka.bojszowy.pl\/wp-content\/uploads\/2024\/11\/1111111-768x141.png 768w\" sizes=\"auto, (max-width: 819px) 100vw, 819px\" \/><\/figure>\n<\/figure>\n\n\n\n<p class=\"has-text-align-center\"><strong>&#8222;Dofinansowano ze \u015brodk\u00f3w Ministra Kultury i Dziedzictwa Narodowego pochodz\u0105cych z Funduszu Promocji Kultury<\/strong>&#8222;<\/p>\n\n\n\n<figure class=\"wp-block-embed is-type-wp-embed is-provider-gminna-biblioteka-publiczna-w-bojszowach wp-block-embed-gminna-biblioteka-publiczna-w-bojszowach\"><div class=\"wp-block-embed__wrapper\">\n<blockquote class=\"wp-embedded-content\" data-secret=\"0TWkobX9v8\"><a href=\"https:\/\/biblioteka.bojszowy.pl\/home\/2024\/05\/27\/zapraszamy-na-spotkanie-z-maciejem-siembieda\/\">Zapraszamy na spotkanie z Maciejem Siembied\u0105<\/a><\/blockquote><iframe loading=\"lazy\" class=\"wp-embedded-content\" sandbox=\"allow-scripts\" security=\"restricted\" style=\"position: absolute; visibility: hidden;\" title=\"&#8222;Zapraszamy na spotkanie z Maciejem Siembied\u0105&#8221; &#8212; Gminna Biblioteka Publiczna w Bojszowach\" src=\"https:\/\/biblioteka.bojszowy.pl\/home\/2024\/05\/27\/zapraszamy-na-spotkanie-z-maciejem-siembieda\/embed\/#?secret=CIYlGcL01J#?secret=0TWkobX9v8\" data-secret=\"0TWkobX9v8\" width=\"600\" height=\"338\" frameborder=\"0\" marginwidth=\"0\" marginheight=\"0\" scrolling=\"no\"><\/iframe>\n<\/div><\/figure>\n\n\n\n<figure class=\"wp-block-embed aligncenter is-type-wp-embed is-provider-gminna-biblioteka-publiczna-w-bojszowach wp-block-embed-gminna-biblioteka-publiczna-w-bojszowach\"><div class=\"wp-block-embed__wrapper\">\n<blockquote class=\"wp-embedded-content\" data-secret=\"igyzt7xMOg\"><a href=\"https:\/\/biblioteka.bojszowy.pl\/home\/2024\/06\/06\/spotkanie-autorskie-z-maciejem-siembieda\/\">Spotkanie autorskie z Maciejem Siembied\u0105<\/a><\/blockquote><iframe loading=\"lazy\" class=\"wp-embedded-content\" sandbox=\"allow-scripts\" security=\"restricted\" style=\"position: absolute; visibility: hidden;\" title=\"&#8222;Spotkanie autorskie z Maciejem Siembied\u0105&#8221; &#8212; Gminna Biblioteka Publiczna w Bojszowach\" src=\"https:\/\/biblioteka.bojszowy.pl\/home\/2024\/06\/06\/spotkanie-autorskie-z-maciejem-siembieda\/embed\/#?secret=S6bsJcYZc6#?secret=igyzt7xMOg\" data-secret=\"igyzt7xMOg\" width=\"600\" height=\"338\" frameborder=\"0\" marginwidth=\"0\" marginheight=\"0\" scrolling=\"no\"><\/iframe>\n<\/div><\/figure>\n\n\n\n<figure class=\"wp-block-embed aligncenter is-type-wp-embed is-provider-gminna-biblioteka-publiczna-w-bojszowach wp-block-embed-gminna-biblioteka-publiczna-w-bojszowach\"><div class=\"wp-block-embed__wrapper\">\n<blockquote class=\"wp-embedded-content\" data-secret=\"fVbIUAsJ1K\"><a href=\"https:\/\/biblioteka.bojszowy.pl\/home\/2024\/09\/05\/warsztaty-wokalne-interpretacja-piosenki-poetyckiej\/\">Warsztaty wokalne, interpretacja piosenki poetyckiej.<\/a><\/blockquote><iframe loading=\"lazy\" class=\"wp-embedded-content\" sandbox=\"allow-scripts\" security=\"restricted\" style=\"position: absolute; visibility: hidden;\" title=\"&#8222;Warsztaty wokalne, interpretacja piosenki poetyckiej.&#8221; &#8212; Gminna Biblioteka Publiczna w Bojszowach\" src=\"https:\/\/biblioteka.bojszowy.pl\/home\/2024\/09\/05\/warsztaty-wokalne-interpretacja-piosenki-poetyckiej\/embed\/#?secret=RJO00tpG3a#?secret=fVbIUAsJ1K\" data-secret=\"fVbIUAsJ1K\" width=\"600\" height=\"338\" frameborder=\"0\" marginwidth=\"0\" marginheight=\"0\" scrolling=\"no\"><\/iframe>\n<\/div><\/figure>\n\n\n\n<figure class=\"wp-block-embed aligncenter is-type-wp-embed is-provider-gminna-biblioteka-publiczna-w-bojszowach wp-block-embed-gminna-biblioteka-publiczna-w-bojszowach\"><div class=\"wp-block-embed__wrapper\">\n<blockquote class=\"wp-embedded-content\" data-secret=\"bA8CGISaO3\"><a href=\"https:\/\/biblioteka.bojszowy.pl\/home\/2024\/09\/23\/warsztaty-z-agnieszka-radzikowska\/\">Warsztaty z Agnieszk\u0105 Radzikowsk\u0105<\/a><\/blockquote><iframe loading=\"lazy\" class=\"wp-embedded-content\" sandbox=\"allow-scripts\" security=\"restricted\" style=\"position: absolute; visibility: hidden;\" title=\"&#8222;Warsztaty z Agnieszk\u0105 Radzikowsk\u0105&#8221; &#8212; Gminna Biblioteka Publiczna w Bojszowach\" src=\"https:\/\/biblioteka.bojszowy.pl\/home\/2024\/09\/23\/warsztaty-z-agnieszka-radzikowska\/embed\/#?secret=li9zbZZqBI#?secret=bA8CGISaO3\" data-secret=\"bA8CGISaO3\" width=\"600\" height=\"338\" frameborder=\"0\" marginwidth=\"0\" marginheight=\"0\" scrolling=\"no\"><\/iframe>\n<\/div><\/figure>\n\n\n\n<figure class=\"wp-block-embed aligncenter is-type-wp-embed is-provider-gminna-biblioteka-publiczna-w-bojszowach wp-block-embed-gminna-biblioteka-publiczna-w-bojszowach\"><div class=\"wp-block-embed__wrapper\">\n<blockquote class=\"wp-embedded-content\" data-secret=\"kMgPsvhcrL\"><a href=\"https:\/\/biblioteka.bojszowy.pl\/home\/2024\/09\/25\/zapraszamy-na-spotkanie-autorskie-z-robertem-maleckim\/\">Zapraszamy na spotkanie autorskie z Robertem Ma\u0142eckim<\/a><\/blockquote><iframe loading=\"lazy\" class=\"wp-embedded-content\" sandbox=\"allow-scripts\" security=\"restricted\" style=\"position: absolute; visibility: hidden;\" title=\"&#8222;Zapraszamy na spotkanie autorskie z Robertem Ma\u0142eckim&#8221; &#8212; Gminna Biblioteka Publiczna w Bojszowach\" src=\"https:\/\/biblioteka.bojszowy.pl\/home\/2024\/09\/25\/zapraszamy-na-spotkanie-autorskie-z-robertem-maleckim\/embed\/#?secret=2Pt9hGWWYv#?secret=kMgPsvhcrL\" data-secret=\"kMgPsvhcrL\" width=\"600\" height=\"338\" frameborder=\"0\" marginwidth=\"0\" marginheight=\"0\" scrolling=\"no\"><\/iframe>\n<\/div><\/figure>\n\n\n\n<figure class=\"wp-block-embed aligncenter is-type-wp-embed is-provider-gminna-biblioteka-publiczna-w-bojszowach wp-block-embed-gminna-biblioteka-publiczna-w-bojszowach\"><div class=\"wp-block-embed__wrapper\">\n<blockquote class=\"wp-embedded-content\" data-secret=\"VjmXJc348g\"><a href=\"https:\/\/biblioteka.bojszowy.pl\/home\/2024\/09\/25\/zapraszamy-na-pisarskie-spotkanie-warsztatowe\/\">Zapraszamy na pisarskie spotkanie warsztatowe<\/a><\/blockquote><iframe loading=\"lazy\" class=\"wp-embedded-content\" sandbox=\"allow-scripts\" security=\"restricted\" style=\"position: absolute; visibility: hidden;\" title=\"&#8222;Zapraszamy na pisarskie spotkanie warsztatowe&#8221; &#8212; Gminna Biblioteka Publiczna w Bojszowach\" src=\"https:\/\/biblioteka.bojszowy.pl\/home\/2024\/09\/25\/zapraszamy-na-pisarskie-spotkanie-warsztatowe\/embed\/#?secret=GEfPf8wY5z#?secret=VjmXJc348g\" data-secret=\"VjmXJc348g\" width=\"600\" height=\"338\" frameborder=\"0\" marginwidth=\"0\" marginheight=\"0\" scrolling=\"no\"><\/iframe>\n<\/div><\/figure>\n\n\n\n<figure class=\"wp-block-embed aligncenter is-type-wp-embed is-provider-gminna-biblioteka-publiczna-w-bojszowach wp-block-embed-gminna-biblioteka-publiczna-w-bojszowach\"><div class=\"wp-block-embed__wrapper\">\n<blockquote class=\"wp-embedded-content\" data-secret=\"XX9RyGVDBo\"><a href=\"https:\/\/biblioteka.bojszowy.pl\/home\/2024\/10\/14\/warsztaty-literackie-z-robertem-maleckim\/\">Warsztaty literackie z Robertem Ma\u0142eckim<\/a><\/blockquote><iframe loading=\"lazy\" class=\"wp-embedded-content\" sandbox=\"allow-scripts\" security=\"restricted\" style=\"position: absolute; visibility: hidden;\" title=\"&#8222;Warsztaty literackie z Robertem Ma\u0142eckim&#8221; &#8212; Gminna Biblioteka Publiczna w Bojszowach\" src=\"https:\/\/biblioteka.bojszowy.pl\/home\/2024\/10\/14\/warsztaty-literackie-z-robertem-maleckim\/embed\/#?secret=W2DJ8WXkMd#?secret=XX9RyGVDBo\" data-secret=\"XX9RyGVDBo\" width=\"600\" height=\"338\" frameborder=\"0\" marginwidth=\"0\" marginheight=\"0\" scrolling=\"no\"><\/iframe>\n<\/div><\/figure>\n\n\n\n<figure class=\"wp-block-embed aligncenter is-type-wp-embed is-provider-gminna-biblioteka-publiczna-w-bojszowach wp-block-embed-gminna-biblioteka-publiczna-w-bojszowach\"><div class=\"wp-block-embed__wrapper\">\n<blockquote class=\"wp-embedded-content\" data-secret=\"uc1E2A2286\"><a href=\"https:\/\/biblioteka.bojszowy.pl\/home\/2024\/10\/14\/spotkanie-autorskie-z-robertem-maleckim\/\">Spotkanie autorskie z Robertem Ma\u0142eckim<\/a><\/blockquote><iframe loading=\"lazy\" class=\"wp-embedded-content\" sandbox=\"allow-scripts\" security=\"restricted\" style=\"position: absolute; visibility: hidden;\" title=\"&#8222;Spotkanie autorskie z Robertem Ma\u0142eckim&#8221; &#8212; Gminna Biblioteka Publiczna w Bojszowach\" src=\"https:\/\/biblioteka.bojszowy.pl\/home\/2024\/10\/14\/spotkanie-autorskie-z-robertem-maleckim\/embed\/#?secret=b5vCiBV6oh#?secret=uc1E2A2286\" data-secret=\"uc1E2A2286\" width=\"600\" height=\"338\" frameborder=\"0\" marginwidth=\"0\" marginheight=\"0\" scrolling=\"no\"><\/iframe>\n<\/div><\/figure>\n\n\n\n<figure class=\"wp-block-embed aligncenter is-type-wp-embed is-provider-gminna-biblioteka-publiczna-w-bojszowach wp-block-embed-gminna-biblioteka-publiczna-w-bojszowach\"><div class=\"wp-block-embed__wrapper\">\n<blockquote class=\"wp-embedded-content\" data-secret=\"7xWGnjBLEy\"><a href=\"https:\/\/biblioteka.bojszowy.pl\/home\/2024\/10\/18\/warsztaty-kultura-zywego-slowa\/\">Warsztaty &#8222;Kultura \u017cywego s\u0142owa&#8221;<\/a><\/blockquote><iframe loading=\"lazy\" class=\"wp-embedded-content\" sandbox=\"allow-scripts\" security=\"restricted\" style=\"position: absolute; visibility: hidden;\" title=\"&#8222;Warsztaty &#8222;Kultura \u017cywego s\u0142owa&#8221;&#8221; &#8212; Gminna Biblioteka Publiczna w Bojszowach\" src=\"https:\/\/biblioteka.bojszowy.pl\/home\/2024\/10\/18\/warsztaty-kultura-zywego-slowa\/embed\/#?secret=1Oid4X7TAf#?secret=7xWGnjBLEy\" data-secret=\"7xWGnjBLEy\" width=\"600\" height=\"338\" frameborder=\"0\" marginwidth=\"0\" marginheight=\"0\" scrolling=\"no\"><\/iframe>\n<\/div><\/figure>\n\n\n\n<figure class=\"wp-block-embed aligncenter is-type-wp-embed is-provider-gminna-biblioteka-publiczna-w-bojszowach wp-block-embed-gminna-biblioteka-publiczna-w-bojszowach\"><div class=\"wp-block-embed__wrapper\">\n<blockquote class=\"wp-embedded-content\" data-secret=\"W18jb0kCHf\"><a href=\"https:\/\/biblioteka.bojszowy.pl\/home\/2024\/10\/22\/zapraszamy-na-wieczor-poezji-i-muzyki\/\">Zapraszamy na wiecz\u00f3r poezji i muzyki<\/a><\/blockquote><iframe loading=\"lazy\" class=\"wp-embedded-content\" sandbox=\"allow-scripts\" security=\"restricted\" style=\"position: absolute; visibility: hidden;\" title=\"&#8222;Zapraszamy na wiecz\u00f3r poezji i muzyki&#8221; &#8212; Gminna Biblioteka Publiczna w Bojszowach\" src=\"https:\/\/biblioteka.bojszowy.pl\/home\/2024\/10\/22\/zapraszamy-na-wieczor-poezji-i-muzyki\/embed\/#?secret=Lb0GhPB9z1#?secret=W18jb0kCHf\" data-secret=\"W18jb0kCHf\" width=\"600\" height=\"338\" frameborder=\"0\" marginwidth=\"0\" marginheight=\"0\" scrolling=\"no\"><\/iframe>\n<\/div><\/figure>\n\n\n\n<figure class=\"wp-block-embed aligncenter is-type-wp-embed is-provider-gminna-biblioteka-publiczna-w-bojszowach wp-block-embed-gminna-biblioteka-publiczna-w-bojszowach\"><div class=\"wp-block-embed__wrapper\">\n<blockquote class=\"wp-embedded-content\" data-secret=\"GZyGvzJ0T9\"><a href=\"https:\/\/biblioteka.bojszowy.pl\/home\/2024\/10\/24\/wieczor-poezji-i-muzyki\/\">Wiecz\u00f3r poezji i muzyki<\/a><\/blockquote><iframe loading=\"lazy\" class=\"wp-embedded-content\" sandbox=\"allow-scripts\" security=\"restricted\" style=\"position: absolute; visibility: hidden;\" title=\"&#8222;Wiecz\u00f3r poezji i muzyki&#8221; &#8212; Gminna Biblioteka Publiczna w Bojszowach\" src=\"https:\/\/biblioteka.bojszowy.pl\/home\/2024\/10\/24\/wieczor-poezji-i-muzyki\/embed\/#?secret=tYxJ4muQC6#?secret=GZyGvzJ0T9\" data-secret=\"GZyGvzJ0T9\" width=\"600\" height=\"338\" frameborder=\"0\" marginwidth=\"0\" marginheight=\"0\" scrolling=\"no\"><\/iframe>\n<\/div><\/figure>\n\n\n\n<figure class=\"wp-block-embed is-type-wp-embed is-provider-gminna-biblioteka-publiczna-w-bojszowach wp-block-embed-gminna-biblioteka-publiczna-w-bojszowach\"><div class=\"wp-block-embed__wrapper\">\n<blockquote class=\"wp-embedded-content\" data-secret=\"isU4LDGKl0\"><a href=\"https:\/\/biblioteka.bojszowy.pl\/home\/2024\/12\/20\/glosne-czytanie-na-dywanie\/\">&#8222;G\u0142o\u015bne czytanie na dywanie&#8221;<\/a><\/blockquote><iframe loading=\"lazy\" class=\"wp-embedded-content\" sandbox=\"allow-scripts\" security=\"restricted\" style=\"position: absolute; visibility: hidden;\" title=\"&#8222;&#8222;G\u0142o\u015bne czytanie na dywanie&#8221;&#8221; &#8212; Gminna Biblioteka Publiczna w Bojszowach\" src=\"https:\/\/biblioteka.bojszowy.pl\/home\/2024\/12\/20\/glosne-czytanie-na-dywanie\/embed\/#?secret=7WrgqpOFxz#?secret=isU4LDGKl0\" data-secret=\"isU4LDGKl0\" width=\"600\" height=\"338\" frameborder=\"0\" marginwidth=\"0\" marginheight=\"0\" scrolling=\"no\"><\/iframe>\n<\/div><\/figure>\n","protected":false},"excerpt":{"rendered":"<p>&#8222;Dofinansowano ze \u015brodk\u00f3w Ministra Kultury i Dziedzictwa Narodowego pochodz\u0105cych z Funduszu Promocji Kultury&#8222;<\/p>\n","protected":false},"author":2,"featured_media":0,"parent":37663,"menu_order":0,"comment_status":"closed","ping_status":"closed","template":"","meta":{"_monsterinsights_skip_tracking":false,"_monsterinsights_sitenote_active":false,"_monsterinsights_sitenote_note":"","_monsterinsights_sitenote_category":0,"footnotes":""},"class_list":["post-40618","page","type-page","status-publish","hentry"],"_links":{"self":[{"href":"https:\/\/biblioteka.bojszowy.pl\/home\/wp-json\/wp\/v2\/pages\/40618","targetHints":{"allow":["GET"]}}],"collection":[{"href":"https:\/\/biblioteka.bojszowy.pl\/home\/wp-json\/wp\/v2\/pages"}],"about":[{"href":"https:\/\/biblioteka.bojszowy.pl\/home\/wp-json\/wp\/v2\/types\/page"}],"author":[{"embeddable":true,"href":"https:\/\/biblioteka.bojszowy.pl\/home\/wp-json\/wp\/v2\/users\/2"}],"replies":[{"embeddable":true,"href":"https:\/\/biblioteka.bojszowy.pl\/home\/wp-json\/wp\/v2\/comments?post=40618"}],"version-history":[{"count":8,"href":"https:\/\/biblioteka.bojszowy.pl\/home\/wp-json\/wp\/v2\/pages\/40618\/revisions"}],"predecessor-version":[{"id":40839,"href":"https:\/\/biblioteka.bojszowy.pl\/home\/wp-json\/wp\/v2\/pages\/40618\/revisions\/40839"}],"up":[{"embeddable":true,"href":"https:\/\/biblioteka.bojszowy.pl\/home\/wp-json\/wp\/v2\/pages\/37663"}],"wp:attachment":[{"href":"https:\/\/biblioteka.bojszowy.pl\/home\/wp-json\/wp\/v2\/media?parent=40618"}],"curies":[{"name":"wp","href":"https:\/\/api.w.org\/{rel}","templated":true}]}}